{"id":2047,"date":"2018-07-09T14:32:33","date_gmt":"2018-07-09T12:32:33","guid":{"rendered":"https:\/\/lms.niakoro.org\/?page_id=2047"},"modified":"2020-04-16T11:31:17","modified_gmt":"2020-04-16T10:31:17","slug":"autores","status":"publish","type":"page","link":"https:\/\/www.niakoro.org\/es\/autores\/","title":{"rendered":"Autores"},"content":{"rendered":"<p>[vc_row][vc_column][vc_raw_html]JTNDZGl2JTIwY2xhc3MlM0QlMjJvdGhlci1wYWdlLXRpdGxlJTIyJTNFJTBBJTNDc3BhbiUzRUF1dG9yZXMlMjB5JTIwQ29sYWJvcmFkb3JlcyUzQyUyRnNwYW4lM0UlMEElM0NkaXYlMjBjbGFzcyUzRCUyMm90aGVyLXBhZ2UtdGl0bGUtYnJvZGVyJTIyJTNFJTNDJTJGZGl2JTNFJTBBJTNDJTJGZGl2JTNF[\/vc_raw_html][vc_column_text el_class=&#8221;Autores-section-1-main&#8221;]<\/p>\n<p style=\"text-align: center;\">Los autores y colaboradores ponen a su disposici\u00f3n: gu\u00edas de pr\u00e1ctica cl\u00ednica, recursos de ayuda para la consulta, publicaciones recientes e interesantes, congresos de inter\u00e9s, cursos formativos pr\u00e1cticos e informaci\u00f3n para pacientes.<\/p>\n<p>[\/vc_column_text][\/vc_column][\/vc_row][vc_row][vc_column width=&#8221;1\/3&#8243;][vc_raw_html]JTNDZGl2JTIwY2xhc3MlM0QlMjJiaW8tYm94JTIwaG9tZS1zZWN0aW9uLTQtbGVmdCUyMiUzRSUwQSUyMCUyMCUyMCUyMCUyMCUyMCUyMCUyMCUyMCUzQ2ltZyUyMHNyYyUzRCUyMmh0dHBzJTNBJTJGJTJGd3d3Lm5pYWtvcm8uY29tJTJGd3AtY29udGVudCUyRnVwbG9hZHMlMkYyMDE4JTJGMDclMkZEaW1wbmFDQWxiZXJ0Mi5qcGclMjIlM0UlMEElMjAlMjAlMjAlMjAlMjAlMjAlMjAlMjAlMjAlMjAlM0NkaXYlMjBjbGFzcyUzRCUyMmlubmVyJTIyJTNFJTBBJTIwJTIwJTIwJTIwJTIwJTIwJTIwJTIwJTIwJTIwJTIwJTIwJTNDaDUlM0VEcmElMjBEaW1wbmElMjBDLiUyMEFsYmVydC1Ccm90b25zJTNDJTJGaDUlM0UlMEElMjAlMjAlMjAlMjAlMjAlMjAlMjAlMjAlMjAlMjAlMjAlMjAlM0NwJTIwY2xhc3MlM0QlMjJkZXNpZ25hdGlvbiUyMiUzRSUwQSUyMCUyMCUyMCUyMCUyMCUyMCUyMCUyMCUyMCUyMCUyMCUyMCUyMCUyMEVzcGVjaWFsaXN0YSUyMGVuJTIwUGVkaWF0ciVDMyVBRGElMjB5JTIwQ2FyZGlvbG9naWElMjBQZWRpYXRyaWNhJTBBJTIwJTIwJTIwJTIwJTIwJTIwJTIwJTIwJTIwJTIwJTIwJTIwJTNDJTJGcCUzRSUwQSUyMCUyMCUyMCUyMCUyMCUyMCUyMCUyMCUyMCUyMCUyMCUyMCUzQ3AlMjBjbGFzcyUzRCUyMmRpdmlkZXIlMjIlM0UlM0NpJTIwY2xhc3MlM0QlMjJmYSUyMGZhLXBsdXMtc3F1YXJlJTIyJTNFJTNDJTJGaSUzRSUzQyUyRnAlM0UlMEElMjAlMjAlMjAlMjAlMjAlMjAlMjAlMjAlMjAlMjAlMjAlMjAlM0NwJTNFQ29sZWdpYWRvJTIwZW4lMjBCYXJjZWxvbmElMjBjb24lMjBuJUMzJUJBbWVybyUyMDA4JTJGMjUxNzAlM0MlMkZwJTNFJTBBJTIwJTIwJTIwJTIwJTIwJTIwJTIwJTIwJTIwJTIwJTNDJTJGZGl2JTNFJTBBJTA5JTA5JTIwJTIwJTNDZGl2JTIwY2xhc3MlM0QlMjJob21lLXNvY2FpbC1pY29uLTElMjIlM0UlMEElMDklMDklMDklMjAlMjAlMjAlMjAlMjAlM0NhJTIwaHJlZiUzRCUyMmh0dHBzJTNBJTJGJTJGd3d3LmxpbmtlZGluLmNvbSUyRmluJTJGZGltcG5hY2FsYmVydCUyRiUyMiUyMHRhcmdldCUzRCUyMl9ibGFuayUyMiUzRSUzQ2klMjBjbGFzcyUzRCUyMmZhJTIwZmEtbGlua2VkaW4lMjIlM0UlM0MlMkZpJTNFJTNDJTJGYSUzRSUwQSUwOSUwOSUwOSUwOSUzQ2ElMjAlMjBocmVmJTNEJTIyaHR0cHMlM0ElMkYlMkZ0d2l0dGVyLmNvbSUyRmRpbXBuYWNhbGlsYSUyMiUyMHRhcmdldCUzRCUyMl9ibGFuayUyMiUzRSUzQ2klMjBjbGFzcyUzRCUyMmZhJTIwZmEtdHdpdHRlciUyMiUzRSUzQyUyRmklM0UlM0MlMkZhJTNFJTBBJTA5JTA5JTIwJTIwJTNDJTJGZGl2JTNFJTBBJTIwJTIwJTIwJTIwJTIwJTIwJTIwJTIwJTIwJTIwJTNDYSUyMGlkJTNEJTIybXlCdG4lMjIlMjBjbGFzcyUzRCUyMmJ0biUyMGJ0bi10cmFuc3BhcmVudCUyMGludmVyc2UlMjB0ZXh0LXVwcGVyY2FzZSUyMiUzRVNhYmVyJTIwbSVDMyVBMXMlMjAlMkYlMjBDb250YWN0YXIlM0MlMkZhJTNFJTBBJTIwJTIwJTIwJTIwJTIwJTIwJTIwJTIwJTNDJTJGZGl2JTNF[\/vc_raw_html][\/vc_column][vc_column width=&#8221;1\/3&#8243;][vc_raw_html]JTNDZGl2JTIwY2xhc3MlM0QlMjJiaW8tYm94JTIwaG9tZS1zZWN0aW9uLTQtbGVmdCUyMiUzRSUwQSUwOSUzQ2ltZyUyMHNyYyUzRCUyMmh0dHBzJTNBJTJGJTJGd3d3Lm5pYWtvcm8uY29tJTJGd3AtY29udGVudCUyRnVwbG9hZHMlMkYyMDE4JTJGMDclMkZFZHVhcmRvRGFDcnV6LmpwZyUyMiUzRSUwQSUwOSUzQ2RpdiUyMGNsYXNzJTNEJTIyaW5uZXIlMjIlM0UlMEElMDklMDklM0NoNSUzRURyJTIwRWR1YXJkJTIwRGFDcnV6JTNDJTJGaDUlM0UlMEElMDklMDklM0NwJTIwY2xhc3MlM0QlMjJkZXNpZ25hdGlvbiUyMiUzRSUwQSUwOSUwOSUyMCUyMFByb2Zlc3NvciUyMG9mJTIwUGVkaWF0cmljJTBBJTA5JTA5JTNDJTJGcCUzRSUwQSUwOSUwOSUzQ3AlMjBjbGFzcyUzRCUyMmRpdmlkZXIlMjIlM0UlM0NpJTIwY2xhc3MlM0QlMjJmYSUyMGZhLXBsdXMtc3F1YXJlJTIyJTNFJTNDJTJGaSUzRSUzQyUyRnAlM0UlMEElMDklMDklM0NwJTNFQ29sZWdpYWRvJTIwZW4lMjBBdXJvcmElMkMlMjBDb2xvcmFkbyUyMCUyOENPJTI5JTIwVVNBJTNDJTJGcCUzRSUwQSUwOSUzQyUyRmRpdiUzRSUwQSUwOSUzQ2RpdiUyMGNsYXNzJTNEJTIyaG9tZS1zb2NhaWwtaWNvbi0xJTIyJTNFJTBBJTA5JTA5JTNDYSUyMCUyMGhyZWYlM0QlMjJodHRwcyUzQSUyRiUyRnd3dy5saW5rZWRpbi5jb20lMkZpbiUyRmVkdWFyZG8tZGEtY3J1ei0yNDE5MGE1YiUyRiUyMiUyMHRhcmdldCUzRCUyMl9ibGFuayUyMiUzRSUzQ2klMjBjbGFzcyUzRCUyMmZhJTIwZmEtdHdpdHRlciUyMiUzRSUzQyUyRmklM0UlM0MlMkZhJTNFJTBBJTA5JTNDJTJGZGl2JTNFJTBBJTA5JTNDYSUyMGlkJTNEJTIybXlCdG4xJTIyJTIwY2xhc3MlM0QlMjJidG4lMjBidG4tdHJhbnNwYXJlbnQlMjBpbnZlcnNlJTIwdGV4dC11cHBlcmNhc2UlMjIlM0VTYWJlciUyMG0lQzMlQTFzJTIwJTJGJTIwQ29udGFjdGFyJTNDJTJGYSUzRSUwQSUzQyUyRmRpdiUzRQ==[\/vc_raw_html][\/vc_column][vc_column width=&#8221;1\/3&#8243;][vc_raw_html]JTNDZGl2JTIwY2xhc3MlM0QlMjJiaW8tYm94JTIwaG9tZS1zZWN0aW9uLTQtbGVmdCUyMiUzRSUwQSUwOSUzQ2ltZyUyMHNyYyUzRCUyMmh0dHBzJTNBJTJGJTJGd3d3Lm5pYWtvcm8uY29tJTJGd3AtY29udGVudCUyRnVwbG9hZHMlMkYyMDE4JTJGMDclMkZSb2JlcnRvQ2FuZXNzYS5qcGclMjIlM0UlMEElMDklM0NkaXYlMjBjbGFzcyUzRCUyMmlubmVyJTIyJTNFJTBBJTA5JTA5JTNDaDUlM0VEciUyMFJvYmVydG8lMjBDYW5lc3NhJTNDJTJGaDUlM0UlMEElMDklMDklM0NwJTIwY2xhc3MlM0QlMjJkZXNpZ25hdGlvbiUyMiUzRSUwQSUwOSUwOSUyMCUyMENhcmRpb2xvZ28lMjBpbmZhbnRpbCUwQSUwOSUwOSUzQyUyRnAlM0UlMEElMDklMDklM0NwJTIwY2xhc3MlM0QlMjJkaXZpZGVyJTIyJTNFJTNDaSUyMGNsYXNzJTNEJTIyZmElMjBmYS1wbHVzLXNxdWFyZSUyMiUzRSUzQyUyRmklM0UlM0MlMkZwJTNFJTBBJTA5JTA5JTNDcCUzRUNvbGVnaWFkbyUyMGVuJTIwTW9udGV2aWRlbyUyMCUyOFVydWd1YXklMjklMkMlMjBjb24lMjBuJUMzJUJBbWVybyUyMDM0NzE1JTNDJTJGcCUzRSUwQSUwOSUzQyUyRmRpdiUzRSUwQSUwOSUzQ2RpdiUyMGNsYXNzJTNEJTIyaG9tZS1zb2NhaWwtaWNvbi0xJTIyJTNFJTBBJTA5JTA5JTNDYSUyMCUyMGhyZWYlM0QlMjJodHRwcyUzQSUyRiUyRnd3dy5saW5rZWRpbi5jb20lMkZpbiUyRnJvYmVydG8tY2FuZXNzYS0yMjEyMDgxMTElMkYlMjIlMjB0YXJnZXQlM0QlMjJfYmxhbmslMjIlM0UlM0NpJTIwY2xhc3MlM0QlMjJmYSUyMGZhLXR3aXR0ZXIlMjIlM0UlM0MlMkZpJTNFJTNDJTJGYSUzRSUwQSUwOSUzQyUyRmRpdiUzRSUwQSUwOSUzQ2ElMjBpZCUzRCUyMm15QnRuMiUyMiUyMGNsYXNzJTNEJTIyYnRuJTIwYnRuLXRyYW5zcGFyZW50JTIwaW52ZXJzZSUyMHRleHQtdXBwZXJjYXNlJTIyJTNFU2FiZXIlMjBtJUMzJUExcyUyMCUyRiUyMENvbnRhY3RhciUzQyUyRmElM0UlMEElM0MlMkZkaXYlM0UlMEE=[\/vc_raw_html][\/vc_column][\/vc_row][vc_row][vc_column width=&#8221;1\/3&#8243;][vc_raw_html el_id=&#8221;   &#8220;]JTNDZGl2JTIwaWQlM0QlMjJteU1vZGFsJTIyJTIwY2xhc3MlM0QlMjJtb2RhbC1wb3B1cCUyMiUzRSUwQSUwQSUyMCUyMCUzQyUyMS0tJTIwTW9kYWwlMjBjb250ZW50JTIwLS0lM0UlMEElMjAlMjAlM0NkaXYlMjBjbGFzcyUzRCUyMm1vZGFsLWNvbnRlbnQtcG9wdXAlMjIlM0UlMEElMjAlMjAlMjAlMjAlM0NkaXYlMjBjbGFzcyUzRCUyMm1vZGFsLWhlYWRlci1wb3B1cCUyMiUzRSUwQSUyMCUyMCUyMCUyMCUyMCUyMCUzQ3NwYW4lMjBjbGFzcyUzRCUyMmNsb3NlJTIyJTNFJTI2dGltZXMlM0IlM0MlMkZzcGFuJTNFJTBBJTIwJTIwJTIwJTIwJTIwJTIwJTNDaDIlM0VEcmEuJTIwRGltcG5hJTIwQy4lMjBBbGJlcnQlMjBCcm90b25zJTNDJTJGaDIlM0UlMEElMjAlMjAlMjAlMjAlM0MlMkZkaXYlM0UlMEElMjAlMjAlMjAlMjAlM0NkaXYlMjBjbGFzcyUzRCUyMm1vZGFsLWJvZHktcG9wdXAlMjIlM0UlMEElMjAlMjAlMjAlMjAlMjAlMjAlM0N1bCUyMGNsYXNzJTNEJTIyQXV0b3Jlcy1wb3B1cC1zZWN0aW9uLTElMjIlM0UlMEElMjAlMjAlMjAlMjAlM0NsaSUzRUVuZm9jYWRhJTIwZW4lMjBpbnN1ZmljaWVuY2lhJTIwY2FyZGlhY2ElMkMlMjBoaXBlcnRlbnNpJUMzJUIzbiUyMHB1bG1vbmFyJTIweSUyMHRyYXNwbGFudGUlMjBjYXJkaWFjbyUyMGluZmFudGlsLiUzQyUyRmxpJTNFJTBBJTIwJTIwJTIwJTIwJTNDbGklM0VQZWRpYXRyaWMlMjBDYXJkaW9sb2d5JTIwQ29uc3VsdGFudCUyMGF0JTIwS2luZyUyMEZhaXNhbCUyMFNwZWNpYWxpc3QlMjBIb3NwaXRhbCUyMCUyNiUyMFJlc2VhcmNoJTIwQ2VudGVyJTJDJTIwUmlhZCUyMCUyOEFyYWJpYSUyMFNhdWRpJTI5JTI4ZGVzZGUlMjBNYXJ6byUyMDIwMTklMjkuJTNDJTJGbGklM0UlMjAlMEElMjAlMjAlMjAlMjAlM0NsaSUzRURpcmVjdG9yJTIwZGVsJTIwcHJvZ3JhbWElMjBkZSUyMFRyYXNwbGFudGUlMjBpbmZhbnRpbCUyMGRlbCUyMEhvc3BpdGFsJTIwVW5pdmVyc2l0YXJpJTIwVmFsbCUyMGQlRTIlODAlOTlIZWJyb24lMkMlMjBCYXJjZWxvbmElMjAlMjgyMDExJTIwLSUyMEZlYnJlcm8lMjAyMDE5JTI5LiUzQyUyRmxpJTNFJTBBJTIwJTIwJTIwJTIwJTNDbGklM0VEaXJlY3RvciUyMGRlbCUyME1hc3RlciUyMGVuJTIwQ2FyZGlvcGF0JUMzJUFEYXMlMjBjb25nJUMzJUE5bml0YXMlMjBkZWwlMjBmZXRvJTIwYWwlMjBhZHVsdG8lMjBkZSUyMGxhJTIwVW5pdmVyc2lkYWQlMjBBdXQlQzMlQjNub21hJTIwZGUlMjBCYXJjZWxvbmElMjAyMDE0LTIwMTkuJTNDJTJGbGklM0UlMEElMjAlMjAlMjAlMjAlM0NsaSUzRU1hc3RlciUyMGVuJTIwVGVsZW1lZGljaW5hJTIwcG9yJTIwbGElMjBVT0MlMjAlMjhVbml2ZXJzaXRhdCUyME9iZXJ0YSUyMGRlJTIwQ2F0YWx1bnlhJTI5LiUzQyUyRmxpJTNFJTBBJTIwJTIwJTIwJTIwJTNDbGklM0VQcmVzaWRlbnRlJTIwZGUlMjBsYSUyMFNvY2llZGFkJTIwRXNwYSVDMyVCMW9sYSUyMGRlJTIwQ2FyZGlvbG9nJUMzJUFEYSUyMHBlZGklQzMlQTF0cmljYSUyMHklMjBjYXJkaW9wYXQlQzMlQURhcyUyMGNvbmclQzMlQTluaXRhcyUyMCUyOFNFQ1BDQyUyOSUyQyUyMDIwMTAtMjAxNi4lM0MlMkZsaSUzRSUwQSUyMCUyMCUyMCUyMCUzQ2xpJTNFTWllbWJybyUyMGRlbCUyMEVkdWNhdGlvbmFsJTIwQ29tbWl0dGUlMjBvZiUyMHRoZSUyMEFzc29jaWF0aW9uJTIwZm9yJTIwdGhlJTIwRXVyb3BlYW4lMjBQYWVkaWF0cmljJTIwYW5kJTIwQ29uZ2VuaXRhbCUyMENhcmRpb2xvZ3klMjAlMjhBRVBDJTI5LiUzQyUyRmxpJTNFJTBBJTIwJTIwJTIwJTIwJTNDbGklM0VDYXJkaSVDMyVCM2xvZ28lMjBpbmZhbnRpbCUyMGVuJTIwQ2wlQzMlQURuaWNhJTIwUXVpcm9uJTIwJUUyJTgwJTkzQmFyY2Vsb25hJTNDJTJGbGklM0UlMEElM0MlMkZ1bCUzRSUwQSUzQ2gyJTNFQ29udGFjdG8lM0ElM0MlMkZoMiUzRSUwQSUwOSUwOSUwOSUzQ3VsJTIwY2xhc3MlM0QlMjJBdXRvcmVzLXBvcHVwLXNlY3Rpb24tMiUyMiUzRSUwQSUwOSUwOSUwOSUwOSUzQ2xpJTNFRW1haWwlM0ElMjAlMjAlM0NhJTIwaHJlZiUzRCUyMm1haWx0byUzQWRpbXBuYWNhbGlsYSU0MGdtYWlsLmNvbSUyMiUzRWRpbXBuYWNhbGlsYSU0MGdtYWlsLmNvbSUzQyUyRmElM0UlM0MlMkZsaSUzRSUwQSUyMCUyMCUyMCUyMCUyMCUyMCUyMCUyMCUyMCUyMCUyMCUyMCUyMCUyMCUyMCUyMCUyMCUyMCUyMCUyMCUyMCUyMCUyMCUyMCUyMCUyMCUyMCUyMCUyMCUyMCUyMCUyMCUzQ2xpJTNFRW1haWwlM0ElMjAlMjAlM0NhJTIwaHJlZiUzRCUyMm1haWx0byUzQWRjYWxiZXJ0JTQwa2ZzaHJjLmVkdS5zYSUyMiUzRWRjYWxiZXJ0JTQwa2ZzaHJjLmVkdS5zYSUzQyUyRmElM0UlM0MlMkZsaSUzRSUwOSUwOSUwOSUwOSUyMCUyMCUyMCUyMCUyMCUyMCUyMCUyMCUyMCUyMCUyMCUyMCUyMCUyMCUyMCUyMCUyMCUyMCUyMCUyMCUyMCUyMCUyMCUyMCUyMCUyMCUyMCUyMCUyMCUyMCUyMCUyMCUyMCUyMCUyMCUyMCUyMCUyMCUyMCUyMCUyMCUyMCUyMCUyMCUyMCUyMCUyMCUyMCUyMCUyMCUyMCUyMCUyMCUyMCUyMCUyMCUyMCUyMCUyMCUyMCUyMCUyMCUyMCUyMCUyMCUyMCUyMCUyMCUzQ2xpJTNFJTNDYSUyMGhyZWYlM0QlMjJodHRwcyUzQSUyRiUyRnd3dy5xdWlyb25zYWx1ZC5lcyUyRmhvc3BpdGFsLWJhcmNlbG9uYSUyMiUzRWh0dHBzJTNBJTJGJTJGd3d3LnF1aXJvbnNhbHVkLmVzJTJGaG9zcGl0YWwtYmFyY2Vsb25hJTNDJTJGYSUzRSUzQyUyRmxpJTNFJTBBJTA5JTA5JTA5JTNDJTJGdWwlM0UlMEElMjAlMjAlMjAlMjAlM0MlMkZkaXYlM0UlMEElMjAlMjAlMjAlMEElMjAlMjAlM0MlMkZkaXYlM0UlMEElMEElM0MlMkZkaXYlM0UlMEElMEElM0NzY3JpcHQlM0UlMEElMkYlMkYlMjBHZXQlMjB0aGUlMjBtb2RhbCUwQXZhciUyMG1vZGFsJTIwJTNEJTIwZG9jdW1lbnQuZ2V0RWxlbWVudEJ5SWQlMjglMjdteU1vZGFsJTI3JTI5JTNCJTBBJTBBJTJGJTJGJTIwR2V0JTIwdGhlJTIwYnV0dG9uJTIwdGhhdCUyMG9wZW5zJTIwdGhlJTIwbW9kYWwlMEF2YXIlMjBidG4lMjAlM0QlMjBkb2N1bWVudC5nZXRFbGVtZW50QnlJZCUyOCUyMm15QnRuJTIyJTI5JTNCJTBBJTBBJTJGJTJGJTIwR2V0JTIwdGhlJTIwJTNDc3BhbiUzRSUyMGVsZW1lbnQlMjB0aGF0JTIwY2xvc2VzJTIwdGhlJTIwbW9kYWwlMEF2YXIlMjBzcGFuJTIwJTNEJTIwZG9jdW1lbnQuZ2V0RWxlbWVudHNCeUNsYXNzTmFtZSUyOCUyMmNsb3NlJTIyJTI5JTVCMCU1RCUzQiUwQSUwQSUyRiUyRiUyMFdoZW4lMjB0aGUlMjB1c2VyJTIwY2xpY2tzJTIwdGhlJTIwYnV0dG9uJTJDJTIwb3BlbiUyMHRoZSUyMG1vZGFsJTIwJTBBYnRuLm9uY2xpY2slMjAlM0QlMjBmdW5jdGlvbiUyOCUyOSUyMCU3QiUwQSUyMCUyMCUyMCUyMG1vZGFsLnN0eWxlLmRpc3BsYXklMjAlM0QlMjAlMjJibG9jayUyMiUzQiUwQSU3RCUwQSUwQSUyRiUyRiUyMFdoZW4lMjB0aGUlMjB1c2VyJTIwY2xpY2tzJTIwb24lMjAlM0NzcGFuJTNFJTIwJTI4eCUyOSUyQyUyMGNsb3NlJTIwdGhlJTIwbW9kYWwlMEFzcGFuLm9uY2xpY2slMjAlM0QlMjBmdW5jdGlvbiUyOCUyOSUyMCU3QiUwQSUyMCUyMCUyMCUyMG1vZGFsLnN0eWxlLmRpc3BsYXklMjAlM0QlMjAlMjJub25lJTIyJTNCJTBBJTdEJTBBJTBBJTJGJTJGJTIwV2hlbiUyMHRoZSUyMHVzZXIlMjBjbGlja3MlMjBhbnl3aGVyZSUyMG91dHNpZGUlMjBvZiUyMHRoZSUyMG1vZGFsJTJDJTIwY2xvc2UlMjBpdCUwQXdpbmRvdy5vbmNsaWNrJTIwJTNEJTIwZnVuY3Rpb24lMjhldmVudCUyOSUyMCU3QiUwQSUyMCUyMCUyMCUyMGlmJTIwJTI4ZXZlbnQudGFyZ2V0JTIwJTNEJTNEJTIwbW9kYWwlMjklMjAlN0IlMEElMjAlMjAlMjAlMjAlMjAlMjAlMjAlMjBtb2RhbC5zdHlsZS5kaXNwbGF5JTIwJTNEJTIwJTIybm9uZSUyMiUzQiUwQSUyMCUyMCUyMCUyMCU3RCUwQSU3RCUwQSUzQyUyRnNjcmlwdCUzRSUwQSUwQQ==[\/vc_raw_html][\/vc_column][vc_column width=&#8221;1\/3&#8243;][vc_raw_html]JTNDZGl2JTIwaWQlM0QlMjJteU1vZGFsMSUyMiUyMGNsYXNzJTNEJTIybW9kYWwtcG9wdXAlMjIlM0UlMEElMDklM0NkaXYlMjBjbGFzcyUzRCUyMm1vZGFsLWNvbnRlbnQtcG9wdXAlMjIlM0UlMEElMDklMDklM0NkaXYlMjBjbGFzcyUzRCUyMm1vZGFsLWhlYWRlci1wb3B1cCUyMiUzRSUwQSUwOSUwOSUwOSUzQ3NwYW4lMjBjbGFzcyUzRCUyMmNsb3NlMSUyMiUzRSUyNnRpbWVzJTNCJTNDJTJGc3BhbiUzRSUwQSUwOSUwOSUwOSUzQ2gyJTNFRHIuJTIwRWR1YXJkbyUyMERhJTIwQ3J1eiUzQyUyRmgyJTNFJTBBJTA5JTA5JTNDJTJGZGl2JTNFJTBBJTA5JTA5JTNDZGl2JTIwY2xhc3MlM0QlMjJtb2RhbC1ib2R5LXBvcHVwJTIyJTNFJTBBJTA5JTA5JTA5JTNDdWwlMjBjbGFzcyUzRCUyMkF1dG9yZXMtcG9wdXAtc2VjdGlvbi0xJTIyJTNFJTBBJTA5JTA5JTA5JTA5JTNDbGklM0VUaWVuZSUyMHVuYSUyMGFtcGxpYSUyMGV4cGVyaWVuY2lhJTIwZW4lMjBlbCUyMHRyYXRhbWllbnRvJTIwbSVDMyVBOWRpY28lMjB5JTIwcGVyaW9wZXJhdG9yaW8lMjBkZSUyMG5lb25hdG9zJTJDJTIwbmklQzMlQjFvcyUyMHklMjBhZHVsdG9zJTIwaiVDMyVCM3ZlbmVzJTIwY29uJTIwY2FyZGlvcGF0JUMzJUFEYSUyMGNvbmclQzMlQTluaXRhJTIwbyUyMGFkcXVpcmlkYSUyMGNvbXBsZWphJTJDJTIwaW5jbHVpZG8lMjBlbCUyMHRyYXNwbGFudGUlMjBkZSUyMGNvcmF6JUMzJUIzbiUyQyUyMGxhJTIwYXNpc3RlbmNpYSUyMG1lYyVDMyVBMW5pY2ElMjB5JTIwbGElMjBtZWpvcmElMjBkZSUyMGxhJTIwY2FsaWRhZCUyQyUyMGxhJTIwc2VndXJpZGFkJTIweSUyMGxhJTIwZWZpY2FjaWElMjBjbCVDMyVBRG5pY2EuJTNDJTJGbGklM0UlMEElMDklMDklMDklMDklM0NsaSUzRUZvdW5kZXIlMjBvZiUyMHRoZSUyMFdvcmtpbmclMjBHcm91cCUyMG9uJTIwUGFlZGlhdHJpYyUyMENhcmRpYWMlMjBJbnRlbnNpdmUlMjBDYXJlJTIwb2YlMjB0aGUlMjBBc3NvY2lhdGlvbiUyMGZvciUyMHRoZSUyMEV1cm9wZWFuJTIwUGFlZGlhdHJpYyUyMGFuZCUyMENvbmdlbml0YWwlMjBDYXJkaW9sb2d5JTIwJTI4QUVQQyUyOS4lM0MlMkZsaSUzRSUwQSUwOSUwOSUwOSUwOSUzQ2xpJTNFRGVwdXR5JTIwQ2hhaXIlMjBhbmQlMjBjby1mb3VuZGVyJTIwb2YlMjB0aGUlMjBTZWN0aW9uJTIwb24lMjBIYWVtb2R5bmFtaWNzJTIwYW5kJTIwSGVhcnQlMjBEaXNlYXNlJTIwb2YlMjB0aGUlMjBFdXJvcGVhbiUyMFNvY2lldHklMjBvZiUyMFBhZWRpYXRyaWMlMjBhbmQlMjBOZW9uYXRhbCUyMEludGVuc2l2ZSUyMENhcmUlMjAlMjhFU1BOSUMlMjkuJTNDJTJGbGklM0UlMEElMDklMDklMDklMDklM0NsaSUzRUJvYXJkJTIwTWVtYmVyJTIwb2YlMjB0aGUlMjBDb25nZW5pdGFsJTIwRG9tYWluJTIwb2YlMjB0aGUlMjBFdXJvcGVhbiUyMEFzc29jaWF0aW9uJTIwZm9yJTIwQ2FyZGlvLVRob3JhY2ljJTIwU3VyZ2VyeSUyMCUyOEVBQ1RTJTI5LiUzQyUyRmxpJTNFJTBBJTA5JTA5JTA5JTA5JTNDbGklM0VNZW1iZXIlMjBvZiUyMHRoZSUyMFNvY2lldHklMjBvZiUyMFBlZGlhdHJpYyUyMFJlc2VhcmNoJTIwJTI4U1BSJTI5JTIwYW5kJTIwb2YlMjBtdWx0aXBsZSUyMGludGVybmF0aW9uYWwlMjBTb2NpZXRpZXMuJTNDJTJGbGklM0UlMEElMDklMDklMDklMDklM0NsaSUzRSUyMFByZXNpZGVudCUyMG9mJTIwU3VyZ2VvbnMlMjBvZiUyMEhvcGUlMjBGb3VuZGF0aW9uLiUzQyUyRmxpJTNFJTBBJTA5JTA5JTA5JTNDJTJGdWwlM0UlMEElMDklMDklMDklMEElMDklMDklMDklM0NoMiUzRUNvbnRhY3RvJTNBJTNDJTJGaDIlM0UlMEElMDklMDklMDklM0N1bCUyMGNsYXNzJTNEJTIyQXV0b3Jlcy1wb3B1cC1zZWN0aW9uLTIlMjIlM0UlMEElMDklMDklMDklMDklM0NsaSUzRUVtYWlsJTNBJTIwJTIwJTNDYSUyMGhyZWYlM0QlMjJtYWlsdG8lM0FlZHVhcmRvLmRhY3J1eiU0MGNoaWxkcmVuc2NvbG9yYWRvLm9yZyUyMiUzRWVkdWFyZG8uZGFjcnV6JTQwY2hpbGRyZW5zY29sb3JhZG8ub3JnJTNDJTJGYSUzRSUzQyUyRmxpJTNFJTBBJTA5JTA5JTA5JTNDJTJGdWwlM0UlMEElMDklMDklM0MlMkZkaXYlM0UlMEElMDklM0MlMkZkaXYlM0UlMEElM0MlMkZkaXYlM0UlMEElMEElM0NzY3JpcHQlM0UlMEElMEF2YXIlMjBtb2RhbDElMjAlM0QlMjBkb2N1bWVudC5nZXRFbGVtZW50QnlJZCUyOCUyN215TW9kYWwxJTI3JTI5JTNCJTBBJTBBdmFyJTIwYnRuMSUyMCUzRCUyMGRvY3VtZW50LmdldEVsZW1lbnRCeUlkJTI4JTIybXlCdG4xJTIyJTI5JTNCJTBBJTBBdmFyJTIwc3BhbjElMjAlM0QlMjBkb2N1bWVudC5nZXRFbGVtZW50c0J5Q2xhc3NOYW1lJTI4JTIyY2xvc2UxJTIyJTI5JTVCMCU1RCUzQiUwQSUwQWJ0bjEub25jbGljayUyMCUzRCUyMGZ1bmN0aW9uJTI4JTI5JTIwJTdCJTBBJTIwJTIwJTIwJTIwbW9kYWwxLnN0eWxlLmRpc3BsYXklMjAlM0QlMjAlMjJibG9jayUyMiUzQiUwQSU3RCUwQSUwQXNwYW4xLm9uY2xpY2slMjAlM0QlMjBmdW5jdGlvbiUyOCUyOSUyMCU3QiUwQSUyMCUyMCUyMCUyMG1vZGFsMS5zdHlsZS5kaXNwbGF5JTIwJTNEJTIwJTIybm9uZSUyMiUzQiUwQSU3RCUwQSUwQXdpbmRvdy5vbmNsaWNrJTIwJTNEJTIwZnVuY3Rpb24lMjhldmVudCUyOSUyMCU3QiUwQSUyMCUyMCUyMCUyMGlmJTIwJTI4ZXZlbnQudGFyZ2V0JTIwJTNEJTNEJTIwbW9kYWwxJTI5JTIwJTdCJTBBJTIwJTIwJTIwJTIwJTIwJTIwJTIwJTIwbW9kYWwxLnN0eWxlLmRpc3BsYXklMjAlM0QlMjAlMjJub25lJTIyJTNCJTBBJTIwJTIwJTIwJTIwJTdEJTBBJTdEJTBBJTNDJTJGc2NyaXB0JTNF[\/vc_raw_html][\/vc_column][vc_column width=&#8221;1\/3&#8221;][vc_raw_html]JTNDZGl2JTIwaWQlM0QlMjJteU1vZGFsMiUyMiUyMGNsYXNzJTNEJTIybW9kYWwtcG9wdXAlMjIlM0UlMEElMDklM0NkaXYlMjBjbGFzcyUzRCUyMm1vZGFsLWNvbnRlbnQtcG9wdXAlMjIlM0UlMEElMDklMDklM0NkaXYlMjBjbGFzcyUzRCUyMm1vZGFsLWhlYWRlci1wb3B1cCUyMiUzRSUwQSUwOSUwOSUwOSUzQ3NwYW4lMjBjbGFzcyUzRCUyMmNsb3NlMiUyMiUzRSUyNnRpbWVzJTNCJTNDJTJGc3BhbiUzRSUwQSUwOSUwOSUwOSUzQ2gyJTNFRHIuJTIwUm9iZXJ0byUyMENhbmVzc2ElM0MlMkZoMiUzRSUwQSUwOSUwOSUzQyUyRmRpdiUzRSUwQSUwOSUwOSUzQ2RpdiUyMGNsYXNzJTNEJTIybW9kYWwtYm9keS1wb3B1cCUyMiUzRSUwQSUwOSUwOSUwOSUzQ3VsJTIwY2xhc3MlM0QlMjJBdXRvcmVzLXBvcHVwLXNlY3Rpb24tMSUyMiUzRSUwQSUwOSUwOSUwOSUwOSUzQ2xpJTNFRWwlMjBEci4lMjBSb2JlcnRvJTIwQ2FuZXNzYSUyMG5hY2klQzMlQjMlMjBlbiUyMFVydWd1YXklMjBlbiUyMGVsJTIwYSVDMyVCMW8lMjAxOTUzLiUyME1pZW1icm8lMjBkZWwlMjBFcXVpcG8lMjBkZSUyMFRyYXNwbGFudGVzJTIwQ2FyZGlhY29zJTJDJTIwRGlyZWN0b3IlMjBkZWwlMjBEZXBhcnRhbWVudG8lMjBkZSUyMFVsdHJhc29uaWRvJTIwQ2FyZGlhY28lMjB5JTIwZGlhZ24lQzMlQjNzdGljbyUyMGRlJTIwUHJlbmF0YWwlMjBkZSUyMENhcmRpb3BhdCVDMyVBRGFzJTIwQ29uZyVDMyVBOW5pdGFzJTIwZGVsJTIwSG9zcGl0YWwlMjBJdGFsaWFubyUyMGRlJTIwTW9udGV2aWRlby4lMjBJbnZlc3RpZ2Fkb3IlMjBkZSUyMENhcmRpb2xvZyVDMyVBRGElMjBGZXRhbCUyMGVuJTIwZWwlMjBIb3NwaXRhbCUyMEl0YWxpYW5vLiUyMERvY2VudGUlMjBkZWwlMjBwb3N0JTIwZ3JhZG8lMjBlc3BlY2lhbGl6YWRvJTIwZGUlMjBDYXJkaW9sb2clQzMlQURhJTIwUGVkaSVDMyVBMXRyaWNhJTIwZGUlMjBsYSUyMEZhY3VsdGFkJTIwZGUlMjBNZWRpY2luYSUyMGRlbCUyMFVydWd1YXklM0MlMkZsaSUzRSUwQSUwOSUwOSUwOSUwOSUzQ2xpJTNFRmVsbG93JTIwZGUlMjBsYSUyMFNvY2llZGFkJTIwTm9ydGVhbWVyaWNhbmElMjBkZSUyMEVjb2NhcmRpb2dyYWZpYSUyMCUyOEZBU0UlMjklM0MlMkZsaSUzRSUwQSUwOSUwOSUwOSUwOSUzQ2xpJTNFRnVlJTIwTWllbWJybyUyMGRlJTIwbGElMjBBc2FtYmxlYSUyMGRlJTIwQ2xhdXN0cm8lMjBkZSUyMGxhJTIwRmFjdWx0YWQlMjBkZSUyME1lZGljaW5hJTIwZGVsJTIwVXJ1Z3VheS4lM0MlMkZsaSUzRSUwQSUwOSUwOSUwOSUwOSUzQ2xpJTNFRWwlMjBEci4lMjBSb2JlcnRvJTIwQ2FuZXNzYSUyMHRlbiVDMyVBRGElMjAxOSUyMGElQzMlQjFvcyUyMGN1YW5kbyUyMGR1cmFudGUlMjAxMCUyMGQlQzMlQURhcyUyMGNvbiUyMGFsdHVyYXMlMjBkZSUyMG0lQzMlQTFzJTIwZGUlMjA1LjAwMCUyMG1ldHJvcyUyMHklMjB0ZW1wZXJhdHVyYXMlMjBkZSUyMGhhc3RhJTIwLTMwJUMyJUJBJTJDJTIwZXNjYWxvJTIwbGElMjBDb3JkaWxsZXJhJTIwZGUlMjBsb3MlMjBBbmRlcyUyMGp1bnRvJTIwYSUyMHN1JTIwY29tcGElQzMlQjFlcm8lMjBGZXJuYW5kbyUyMFBhcnJhZG8lMjBlbiUyMGJ1c2NhJTIwZGUlMjByZXNjYXRlJTIwcGFyYSUyMGxvcyUyMG90cm9zJTIwMTQlMjBqdWdhZG9yZXMlMjBkZSUyMHJ1Z2J5JTIwcXVlJTIwcXVlZGFyb24lMjBlbiUyMGxvcyUyMHJlc3RvcyUyMGRlbCUyMGZ1c2VsYWplJTIwYSUyMDMuNTAwJTIwbWV0cm9zJTIwZGUlMjBhbHR1cmEuJTIwU29icmV2aXZpZW50ZXMlMjBkZWwlMjBhY2NpZGVudGUlMjBkZWwlMjBhdmklQzMlQjNuJTIwZW4lMjBlbCUyMHN1ciUyMGRlJTIwbGElMjBDb3JkaWxsZXJhLiUzQyUyRmxpJTNFJTBBJTA5JTA5JTA5JTA5JTNDbGklM0VGdWUlMjBQcmVzaWRlbnRlJTIwZGVsJTIwT2xkJTIwQ2hyaXN0aWFuJUUyJTgwJTk5cyUyMENsdWIlMjBwb3IlMjA4JTIwYSVDMyVCMW9zLiUyMEVuJTIwZXN0ZSUyMHBlcmlvZG8lMjBzZSUyMGdlc3QlQzMlQjMlMjBsYSUyMEZ1bmRhY2klQzMlQjNuJTIwU29saWRhcmlhJTIwTG9zJTIwVHIlQzMlQTlib2xlcyUyMGElMjB0cmF2JUMzJUE5cyUyMGRlJTIwbGElMjBjdWFsJTIwZWwlMjBDbHViJTIwZGElMjBhcG95byUyMHklMjBlbnNlJUMzJUIxYW56YSUyMGElMjBsb3MlMjBuaSVDMyVCMW9zJTIwZW4lMjB6b25hJTIwZGUlMjBjb250ZXh0byUyMGNyJUMzJUFEdGljbyUyMGRlJTIwRWR1Y2FjaSVDMyVCM24uJTIwVGFtYmklQzMlQTluJTIwZW4lMjBlc2ElMjAlQzMlQTlwb2NhJTIwZWwlMjBjbHViJTIwcmVjaWJpJUMzJUIzJTIwcG9yJTIwcGFydGUlMjBkZSUyMGxhJTIwSVJCJTIwJTI4SW50ZXJuYXRpb25hbCUyMFJ1Z2J5JTIwQm9hcmQlMjklMjBlbiUyMExvbmRyZXMlMjBlbCUyMFByZW1pbyUyMGFsJTIwRXNwJUMzJUFEcml0dSUyMGRlbCUyMFJ1Z2J5JTJDJTIwcG9yJTIwbGElMjBhY3RpdHVkJTIwZGVwb3J0aXZhJTIwZGUlMjBzZWd1aXIlMjBkaXNwdXRhbmRvJTIwbGElMjAlRTIlODAlOUNDb3BhJTIwZGUlMjBsYSUyMEFtaXN0YWQlRTIlODAlOUQlMkMlMjBlbiUyMGhvbm9yJTIwYSUyMHN1cyUyMGNvbXBhJUMzJUIxZXJvcyUyMG11ZXJ0b3MlMjBlbiUyMGxvcyUyMEFuZGVzLiUyMEVzdGUlMjBldmVudG8lMjBzZSUyMHNpZ3VlJTIwZGlzcHV0YW5kbyUyMGhhY2UlMjA0NSUyMGElQzMlQjFvcy4lM0MlMkZsaSUzRSUwQSUwOSUwOSUwOSUwOSUzQ2xpJTNFMTk3MSUyMGFsJTIwMTk3OSUyMGp1Z2Fkb3IlMjBkZSUyMGxhJTIwU2VsZWNjaSVDMyVCM24lMjBOYWNpb25hbCUyMGRlJTIwUnVnYnkuJTIwTSVDMyVBMXhpbW8lMjBUcnklMjBzY29yZXIlMjBwb3IlMjB2YXJpYXMlMjB0ZW1wb3JhZGFzJTIwZW4lMjBDYW1wZW9uYXRvJTIwTmFjaW9uYWwlMkMlMjByZXByZXNlbnRhbmRvJTIwYSUyMFVydWd1YXklMjBlbiUyMGxhJTIwU2VsZWNjaSVDMyVCM24lMjBkZSUyMFN1ZGFtJUMzJUE5cmljYSUyMGVuJTIwZWwlMjBlcXVpcG8lMjBTVURBTUVSSUNBJTIwWFYlMjBxdWUlMjB2aWFqbyUyMGElMjBTdWQlQzMlQTFmcmljYSUyMGVuJTIwYXBveW8lMjBhJTIwbGElMjBkZXNhcGFyaWNpJUMzJUIzbiUyMGRlbCUyMEFwYXJ0aGVpZC4lM0MlMkZsaSUzRSUwQSUwOSUwOSUwOSUwOSUzQ2xpJTNFU3UlMjBuaXZlbCUyMGFjYWQlQzMlQTltaWNvJTIwYXZhbGElMjBlbCUyMGFzZXNvcmFtaWVudG8lMjBwcm9mZXNpb25hbCUyMGElMjBsYXMlMjBtJUMzJUExcyUyMHByZXN0aWdpb3NhcyUyMFVuaXZlcnNpZGFkZXMlMjB5JTIwZW1wcmVzYXMlMjBkZWwlMjBtdW5kbyUyMHF1ZSUyMHlhJTIwaGFuJTIwY29udHJhdGFkbyUyMHklMjBjb250cmF0YW4lMjBjb25zdGFudGVtZW50ZSUyMHN1cyUyMHNlcnZpY2lvcy4lM0MlMkZsaSUzRSUwQSUwOSUwOSUwOSUwOSUzQ2xpJTNFRXN0JUMzJUExJTIwY2FzYWRvJTIwdGllbmUlMjB0cmVzJTIwaGlqb3MlMjB5JTIwc3UlMjBtJUMzJUExeGltYSUyMGFsZWdyJUMzJUFEYSUyMGVuJTIwZXN0ZSUyMG1vbWVudG8lMjBlcyUyMGxhJTIwZGUlMjBzZXIlMjBhYnVlbG8lM0MlMkZsaSUzRSUwQSUwOSUwOSUwOSUzQyUyRnVsJTNFJTBBJTA5JTA5JTNDJTJGZGl2JTNFJTBBJTA5JTNDJTJGZGl2JTNFJTBBJTNDJTJGZGl2JTNFJTBBJTBBJTNDc2NyaXB0JTNFJTBBJTBBdmFyJTIwbW9kYWwyJTIwJTNEJTIwZG9jdW1lbnQuZ2V0RWxlbWVudEJ5SWQlMjglMjdteU1vZGFsMiUyNyUyOSUzQiUwQSUwQXZhciUyMGJ0bjIlMjAlM0QlMjBkb2N1bWVudC5nZXRFbGVtZW50QnlJZCUyOCUyMm15QnRuMiUyMiUyOSUzQiUwQSUwQXZhciUyMHNwYW4yJTIwJTNEJTIwZG9jdW1lbnQuZ2V0RWxlbWVudHNCeUNsYXNzTmFtZSUyOCUyMmNsb3NlMiUyMiUyOSU1QjAlNUQlM0IlMEElMEFidG4yLm9uY2xpY2slMjAlM0QlMjBmdW5jdGlvbiUyOCUyOSUyMCU3QiUwQSUyMCUyMCUyMCUyMG1vZGFsMi5zdHlsZS5kaXNwbGF5JTIwJTNEJTIwJTIyYmxvY2slMjIlM0IlMEElN0QlMEElMEFzcGFuMi5vbmNsaWNrJTIwJTNEJTIwZnVuY3Rpb24lMjglMjklMjAlN0IlMEElMjAlMjAlMjAlMjBtb2RhbDIuc3R5bGUuZGlzcGxheSUyMCUzRCUyMCUyMm5vbmUlMjIlM0IlMEElN0QlMEElMEF3aW5kb3cub25jbGljayUyMCUzRCUyMGZ1bmN0aW9uJTI4ZXZlbnQlMjklMjAlN0IlMEElMjAlMjAlMjAlMjBpZiUyMCUyOGV2ZW50LnRhcmdldCUyMCUzRCUzRCUyMG1vZGFsMiUyOSUyMCU3QiUwQSUyMCUyMCUyMCUyMCUyMCUyMCUyMCUyMG1vZGFsMi5zdHlsZS5kaXNwbGF5JTIwJTNEJTIwJTIybm9uZSUyMiUzQiUwQSUyMCUyMCUyMCUyMCU3RCUwQSU3RCUwQSUzQyUyRnNjcmlwdCUzRQ==[\/vc_raw_html][\/vc_column][\/vc_row][vc_row][vc_column][vc_column_text][\/vc_column_text][\/vc_column][\/vc_row]<\/p>\n","protected":false},"excerpt":{"rendered":"<p>[vc_row][vc_column][vc_raw_html]JTNDZGl2JTIwY2xhc3MlM0QlMjJvdGhlci1wYWdlLXRpdGxlJTIyJTNFJTBBJTNDc3BhbiUzRUF1dG9yZXMlMjB5JTIwQ29sYWJvcmFkb3JlcyUzQyUyRnNwYW4lM0UlMEElM0NkaXYlMjBjbGFzcyUzRCUyMm90aGVyLXBhZ2UtdGl0bGUtYnJvZGVyJTIyJTNFJTNDJTJGZGl2JTNFJTBBJTNDJTJGZGl2JTNF[\/vc_raw_html][vc_column_text el_class=&#8221;Autores-section-1-main&#8221;] Los autores y colaboradores ponen a su disposici\u00f3n: gu\u00edas de pr\u00e1ctica cl\u00ednica, recursos de ayuda para la consulta, publicaciones recientes e interesantes, congresos de inter\u00e9s, cursos formativos pr\u00e1cticos&#8230;<\/p>\n","protected":false},"author":1,"featured_media":0,"parent":0,"menu_order":0,"comment_status":"closed","ping_status":"closed","template":"","meta":{"pmpro_default_level":0},"_links":{"self":[{"href":"https:\/\/www.niakoro.org\/es\/wp-json\/wp\/v2\/pages\/2047"}],"collection":[{"href":"https:\/\/www.niakoro.org\/es\/wp-json\/wp\/v2\/pages"}],"about":[{"href":"https:\/\/www.niakoro.org\/es\/wp-json\/wp\/v2\/types\/page"}],"author":[{"embeddable":true,"href":"https:\/\/www.niakoro.org\/es\/wp-json\/wp\/v2\/users\/1"}],"replies":[{"embeddable":true,"href":"https:\/\/www.niakoro.org\/es\/wp-json\/wp\/v2\/comments?post=2047"}],"version-history":[{"count":38,"href":"https:\/\/www.niakoro.org\/es\/wp-json\/wp\/v2\/pages\/2047\/revisions"}],"predecessor-version":[{"id":2946,"href":"https:\/\/www.niakoro.org\/es\/wp-json\/wp\/v2\/pages\/2047\/revisions\/2946"}],"wp:attachment":[{"href":"https:\/\/www.niakoro.org\/es\/wp-json\/wp\/v2\/media?parent=2047"}],"curies":[{"name":"wp","href":"https:\/\/api.w.org\/{rel}","templated":true}]}}