{"id":2045,"date":"2018-07-09T14:32:05","date_gmt":"2018-07-09T12:32:05","guid":{"rendered":"https:\/\/lms.niakoro.org\/?page_id=2045"},"modified":"2020-05-09T11:31:01","modified_gmt":"2020-05-09T10:31:01","slug":"privacidad","status":"publish","type":"page","link":"https:\/\/www.niakoro.org\/es\/privacidad\/","title":{"rendered":"Privacidad"},"content":{"rendered":"<p>[vc_row][vc_column][vc_raw_html]JTNDZGl2JTIwY2xhc3MlM0QlMjJvdGhlci1wYWdlLXRpdGxlJTIyJTNFJTBBJTNDc3BhbiUzRUNvbmRpY2lvbmVzJTIwZGUlMjB1c28lMjBkZSUyMGVzdGElMjB3ZWIlM0MlMkZzcGFuJTNFJTBBJTNDZGl2JTIwY2xhc3MlM0QlMjJvdGhlci1wYWdlLXRpdGxlLWJyb2RlciUyMiUzRSUzQyUyRmRpdiUzRSUwQSUzQyUyRmRpdiUzRQ==[\/vc_raw_html][\/vc_column][\/vc_row][vc_row][vc_column][vc_custom_heading text=&#8221;El acceso a esta web implica la adquisici\u00f3n de la condici\u00f3n de usuario y la aceptaci\u00f3n de las condiciones de uso de esta web, que se detallan a continuaci\u00f3n:&#8221; font_container=&#8221;tag:h3|font_size:21px|text_align:left|color:%2333cccc&#8221; use_theme_fonts=&#8221;yes&#8221;][vc_column_text el_class=&#8221;T\u00e9rminos-section-1-main&#8221;]<\/p>\n<ul>\n<li>Todo el contenido de esta web est\u00e1 creado y revisado por el consejo editorial.<\/li>\n<li>Todos los contenidos de esta web: im\u00e1genes, sonidos, textos, archivos, logotipos, marcas, dise\u00f1o o c\u00f3digo fuente o cualquier otro elemento, son propiedad de la entidad y quedan protegidos por la legislaci\u00f3n sobre propiedad intelectual e industrial espa\u00f1ola.<\/li>\n<li>El aceso a los contenidos de este sitio web no transfiere ning\u00fan derecho sobre los mismos.<\/li>\n<li>Este sitio web no ofrece publicidad.<\/li>\n<\/ul>\n<p>[\/vc_column_text][\/vc_column][\/vc_row][vc_row][vc_column][vc_custom_heading text=&#8221;Queda prohibida la reproducci\u00f3n -excepto para uso privado-, la transformaci\u00f3n, distribuci\u00f3n, comunicaci\u00f3n p\u00fablica, puesta a disposicion del p\u00fablico o cualquier otra explotaci\u00f3n de los contenidos de esta web sin el consentimiento expreso y por escrito del propietario del sitio web.&#8221; font_container=&#8221;tag:h3|font_size:21px|text_align:left|color:%2333cccc&#8221; use_theme_fonts=&#8221;yes&#8221;][vc_custom_heading text=&#8221;Quedan prohibidos, a t\u00edtulo meramente enunciativo, los siguientes comportamientos:&#8221; font_container=&#8221;tag:h3|font_size:17px|text_align:left|color:%23333333&#8243; use_theme_fonts=&#8221;yes&#8221;][vc_column_text el_class=&#8221;T\u00e9rminos-section-1-main&#8221;]<\/p>\n<ul>\n<li>la reproducci\u00f3n total o parcial de los contenidos de la web, en cualquier formato.<\/li>\n<li>la difusi\u00f3n de los textos publicados en esta web sin indicar la fuente.<\/li>\n<li>La utilizaci\u00f3n o modificaci\u00f3n de las marcas, dise\u00f1os, logotipos, formularios o cualquier otro elemento, de forma integral o parcial.<\/li>\n<\/ul>\n<p>[\/vc_column_text][\/vc_column][\/vc_row][vc_row][vc_column][vc_custom_heading text=&#8221;El establecimiento de enlaces en ning\u00fan momento implicar\u00e1 relaci\u00f3n alguna, colaboraci\u00f3n o soporte con la entidad. No se permitir\u00e1 la realizaci\u00f3n de un enlace que de forma fraudulenta induzca o establezca cualquier tipo de relaci\u00f3n con la entidad.&#8221; font_container=&#8221;tag:h3|font_size:17px|text_align:left|color:%23333333&#8243; use_theme_fonts=&#8221;yes&#8221;][vc_custom_heading text=&#8221;Quedan prohibidos los enlaces desde p\u00e1ginas difamatorias, pornogr\u00e1ficas, racistas, xen\u00f3fobas o que ofrezcan informaci\u00f3n falsa sobre la indentidad o cualquiera de sus colaboradores.&#8221; font_container=&#8221;tag:h3|font_size:17px|text_align:left|color:%23333333&#8243; use_theme_fonts=&#8221;yes&#8221;][vc_custom_heading text=&#8221;La entidad revisa y actualiza la informaci\u00f3n contenida en este sitio web peri\u00f3dicamente, pero no garantiza que la informaci\u00f3n sea veraz, actualizada o err\u00f3nea; en consecuencia, no se responsabiliza por los da\u00f1os ocasionados por las decisiones tomadas en base a la informaci\u00f3n o contenidos de esta web.&#8221; font_container=&#8221;tag:h3|font_size:17px|text_align:left|color:%23333333&#8243; use_theme_fonts=&#8221;yes&#8221;][vc_custom_heading text=&#8221;El acceso al sitio web es por cuenta y riesgo del usuario, siendo responsabilidad del mismo la utilizaci\u00f3n de los medios id\u00f3neos para evitar cualquier da\u00f1o o virus. El presente sitio web queda sometido a lo establecido por la legislaci\u00f3n espa\u00f1ola.&#8221; font_container=&#8221;tag:h3|font_size:17px|text_align:left|color:%23333333&#8243; use_theme_fonts=&#8221;yes&#8221;][\/vc_column][\/vc_row][vc_row css=&#8221;.vc_custom_1531144163322{padding-top: 50px !important;}&#8221;][vc_column][vc_raw_html]JTNDZGl2JTIwY2xhc3MlM0QlMjJvdGhlci1wYWdlLXRpdGxlJTIyJTNFJTBBJTNDc3BhbiUzRVBvbCVDMyVBRHRpY2ElMjBkZSUyMHByaXZhY2lkYWQlM0MlMkZzcGFuJTNFJTBBJTNDZGl2JTIwY2xhc3MlM0QlMjJvdGhlci1wYWdlLXRpdGxlLWJyb2RlciUyMiUzRSUzQyUyRmRpdiUzRSUwQSUzQyUyRmRpdiUzRQ==[\/vc_raw_html][vc_column_text el_class=&#8221;T\u00e9rminos-section-1-main&#8221;]<\/p>\n<p class=\"fs18 text-justify\">En cumplimiento de la LOPD 15\/1999, el RD 1720\/2007, la Ley 32\/2003 General de las Telecomunicaciones y de la LSII-CE 34\/2002 se informa que sus datos, incluido su correo electr\u00f3nico, fax y tel\u00e9fono m\u00f3vil, a los que Niakoro tenga acceso como consecuencia de consultas, peticiones de informaci\u00f3n, contrataciones, gesti\u00f3n administrativa, ejecuci\u00f3n y desarrollo de la actividad, se incorporan a un fichero automatizado cuya titularidad y responsabilidad es de Niakoro, autoriz\u00e1ndose el tratamiento. Asimismo, se autoriza expresamente el uso de esos datos, incluyendo el correo electr\u00f3nico, fax y tel\u00e9fono m\u00f3vil, a efectos de env\u00edo de comunicaciones peri\u00f3dicas informando de sus actividades, noticias, cursos, programas, as\u00ed como cualquier oferta de productos y servicios relacionados con la actividad que desarrolla Niakoro. El interesado podr\u00e1 ejercitar los derechos de oposici\u00f3n, acceso, rectificaci\u00f3n y cancelaci\u00f3n, respecto de sus datos personales en los t\u00e9rminos previstos en la legislaci\u00f3n vigente, enviando un correo electr\u00f3nico junto con su DNI a la secretaria de Niakoro, explicando los motivos<\/p>\n<p class=\"fs18 text-justify\">Los datos que los usuarios introduzcan en los formuarios o que env\u00eden por correo electr\u00f3nico pasar\u00e1n a formar parte de los ficheros de la Administraci\u00f3n y\/o de Recursos Humanos, registrados en la Agencia de Protecci\u00f3n de Datos. \u00danicamente se utilizar\u00e1n los datos con fines de gesti\u00f3n de peticiones de informaci\u00f3n y\/o de gesti\u00f3n curricular que nos env\u00ede el ususario. Los usuarios podr\u00e1n ejercer sus derechos de acceso, oposici\u00f3n, rectificaci\u00f3n y cancelaci\u00f3n dirigi\u00e9ndose por escrito al responsable del fichero.<\/p>\n<p class=\"fs18 text-justify\">A menos que espec\u00edficamente se establezca lo contrario, ser\u00e1 necesario rellenar todos los campos de los formularios con datos exactos, completos y actualizados; en caso contrario, la entidad podr\u00e1 hacer responsable al usuario de los da\u00f1os y perjuicios que la introducci\u00f3n de \u00e9stos pueda causar.<\/p>\n<p class=\"fs18 text-justify\">Cuando sea necesaria la prestaci\u00f3n del consentimiento, \u00e9ste deber\u00e1 darse por una persona con plena capacidad de obrar; en caso contrario el consentimiento deber\u00e1 darse por parte de su representante o tutor legal.<\/p>\n<p class=\"fs18 text-justify\">Todos los datos se tratar\u00e1n aplicando las medidas de seguridad de tipo t\u00e9cnico y organizativo establecidas por la legislaci\u00f3n vigente.<\/p>\n<p class=\"fs18 text-justify\">Sus datos no se ceder\u00e1n a terceros ni se utilizar\u00e1n para ninguna otra finalidad distinta a la establecida en el primer p\u00e1rrafo del presente aviso, a menos que una ley establezca lo contrario o que los datos sean exigidos por parte del Juez, Ministerio Fiscal o cualquier ente p\u00fablico que, de acuerdo con la Ley Org\u00e1nica de Protecci\u00f3n de Datos, est\u00e9 legitimada para exigirlos.<\/p>\n<p class=\"fs18 text-justify\">Esta Web contiene informaci\u00f3n b\u00e1sica sobre distintos aspectos de la salud elaborada por profesionales. Ofrece tambi\u00e9n recomendaciones y gu\u00edas gen\u00e9ricas para el tratamiento de determinadas enfermedades por lo que, en ning\u00fan caso, debe ser utilizada para realizar diagn\u00f3sticos, tratamientos m\u00e9dicos o cualquier actuaci\u00f3n m\u00e9dica que deba ser realizada por un profesional sanitario. El contenido de la presente web no sustituye la atenci\u00f3n personalizada de los equipos de salud. Queda totalmente prohibida la reproducci\u00f3n total o parcial de los contenidos de niakoro.org sin consentimiento expreso y por escrito por parte del Comit\u00e9 editorial<\/p>\n<p class=\"fs18 text-justify\">Utilizamos cookies para asegurar que damos la mejor experiencia al usuario en nuestro sitio web. Si contin\u00faa utilizando este sitio asumiremos que est\u00e1 de acuerdo.<\/p>\n<p>La propiedad intelectual y propietaria de la web, as\u00ed como de todos sus cursos es propiedad de la Dra. Dimpna C. Albert-Brotons, DNI 21447448V. y residencia en 7165 Altawqi Street. Riad. Arabia Saudi, CP 12511..<\/p>\n<p>&nbsp;[\/vc_column_text][\/vc_column][\/vc_row]<\/p>\n","protected":false},"excerpt":{"rendered":"<p>[vc_row][vc_column][vc_raw_html]JTNDZGl2JTIwY2xhc3MlM0QlMjJvdGhlci1wYWdlLXRpdGxlJTIyJTNFJTBBJTNDc3BhbiUzRUNvbmRpY2lvbmVzJTIwZGUlMjB1c28lMjBkZSUyMGVzdGElMjB3ZWIlM0MlMkZzcGFuJTNFJTBBJTNDZGl2JTIwY2xhc3MlM0QlMjJvdGhlci1wYWdlLXRpdGxlLWJyb2RlciUyMiUzRSUzQyUyRmRpdiUzRSUwQSUzQyUyRmRpdiUzRQ==[\/vc_raw_html][\/vc_column][\/vc_row][vc_row][vc_column][vc_custom_heading text=&#8221;El acceso a esta web implica la adquisici\u00f3n de la condici\u00f3n de usuario y la aceptaci\u00f3n de las condiciones de uso de esta web, que se detallan a continuaci\u00f3n:&#8221;&#8230;<\/p>\n","protected":false},"author":1,"featured_media":0,"parent":0,"menu_order":0,"comment_status":"closed","ping_status":"closed","template":"","meta":{"pmpro_default_level":0},"_links":{"self":[{"href":"https:\/\/www.niakoro.org\/es\/wp-json\/wp\/v2\/pages\/2045"}],"collection":[{"href":"https:\/\/www.niakoro.org\/es\/wp-json\/wp\/v2\/pages"}],"about":[{"href":"https:\/\/www.niakoro.org\/es\/wp-json\/wp\/v2\/types\/page"}],"author":[{"embeddable":true,"href":"https:\/\/www.niakoro.org\/es\/wp-json\/wp\/v2\/users\/1"}],"replies":[{"embeddable":true,"href":"https:\/\/www.niakoro.org\/es\/wp-json\/wp\/v2\/comments?post=2045"}],"version-history":[{"count":11,"href":"https:\/\/www.niakoro.org\/es\/wp-json\/wp\/v2\/pages\/2045\/revisions"}],"predecessor-version":[{"id":3013,"href":"https:\/\/www.niakoro.org\/es\/wp-json\/wp\/v2\/pages\/2045\/revisions\/3013"}],"wp:attachment":[{"href":"https:\/\/www.niakoro.org\/es\/wp-json\/wp\/v2\/media?parent=2045"}],"curies":[{"name":"wp","href":"https:\/\/api.w.org\/{rel}","templated":true}]}}