{"id":2043,"date":"2018-07-09T14:31:28","date_gmt":"2018-07-09T12:31:28","guid":{"rendered":"https:\/\/lms.niakoro.org\/?page_id=2043"},"modified":"2018-12-02T07:00:16","modified_gmt":"2018-12-02T05:00:16","slug":"terminos-y-condiciones","status":"publish","type":"page","link":"https:\/\/www.niakoro.org\/es\/terminos-y-condiciones\/","title":{"rendered":"T\u00e9rminos y condiciones"},"content":{"rendered":"<p>[vc_row][vc_column][vc_raw_html]JTNDZGl2JTIwY2xhc3MlM0QlMjJvdGhlci1wYWdlLXRpdGxlJTIyJTNFJTBBJTNDc3BhbiUzRVQlQzMlQTlybWlub3MlMjB5JTIwY29uZGljaW9uZXMlMjBkZSUyMHZlbnRhJTIwT24tbGluZSUzQyUyRnNwYW4lM0UlMEElM0NkaXYlMjBjbGFzcyUzRCUyMm90aGVyLXBhZ2UtdGl0bGUtYnJvZGVyJTIyJTNFJTNDJTJGZGl2JTNFJTBBJTNDJTJGZGl2JTNF[\/vc_raw_html][\/vc_column][\/vc_row][vc_row][vc_column][vc_custom_heading text=&#8221;Aviso legal&#8221; font_container=&#8221;tag:h3|font_size:21px|text_align:left|color:%2333cccc&#8221; use_theme_fonts=&#8221;yes&#8221;][vc_column_text el_class=&#8221;T\u00e9rminos-section-1-main&#8221;]<\/p>\n<ul>\n<li>Las presentes condiciones generales de venta constituyen un \u00fanico documento contractual y contienen la totalidad de las relaciones contractuales entre las partes.<\/li>\n<\/ul>\n<p>[\/vc_column_text][\/vc_column][\/vc_row][vc_row][vc_column][vc_custom_heading text=&#8221;Objetivo&#8221; font_container=&#8221;tag:h3|font_size:21px|text_align:left|color:%2333cccc&#8221; use_theme_fonts=&#8221;yes&#8221;][vc_column_text el_class=&#8221;T\u00e9rminos-section-1-main&#8221;]<\/p>\n<ul>\n<li>El objeto de la relaci\u00f3n contractual entre Niakoro, y el cliente-alumno, ser\u00e1 la compra y venta de cursos online, ofertados en el Campus Cardiovascular del Sitio Web. Las caracter\u00edsticas de los productos ofertados son las que figuran en esta p\u00e1gina web y se obtienen pinchando en el t\u00edtulo correspondiente a cada curso.<\/li>\n<\/ul>\n<p>[\/vc_column_text][\/vc_column][\/vc_row][vc_row][vc_column][vc_custom_heading text=&#8221;Sobre la disponibilidad de los cursos y su contenido&#8221; font_container=&#8221;tag:h3|font_size:21px|text_align:left|color:%2333cccc&#8221; use_theme_fonts=&#8221;yes&#8221;][vc_column_text el_class=&#8221;T\u00e9rminos-section-1-main&#8221;]<\/p>\n<ul>\n<li>Los cursos se ofrecen siempre que est\u00e9n disponibles. Si un curso no est\u00e1 disponible, o no puede dar comienzo en la fecha prevista, los usuarios del sitio web ser\u00e1n informados de ello lo antes posible.<\/li>\n<li>Todos los cursos ofrecidos por la Niakoro disponen de contenido en pdf, autoevaluaciones, soporte t\u00e9cnico, contestaci\u00f3n a dudas y consultas y otros tipos de recursos did\u00e1cticos suficientes que aseguran la alta calidad de su contenido para poder llevar a cabo el aprovechamiento del curso por parte del alumno.<\/li>\n<\/ul>\n<p>[\/vc_column_text][\/vc_column][\/vc_row][vc_row][vc_column][vc_custom_heading text=&#8221;Nulidad parcial&#8221; font_container=&#8221;tag:h3|font_size:21px|text_align:left|color:%2333cccc&#8221; use_theme_fonts=&#8221;yes&#8221;][vc_column_text el_class=&#8221;T\u00e9rminos-section-1-main&#8221;]<\/p>\n<ul>\n<li>Si una o varias de las disposiciones de las presentes condiciones generales de venta fuesen declaradas nulas o inv\u00e1lidas en virtud de una ley, de un reglamento o de una decisi\u00f3n firme de un \u00f3rgano judicial, las dem\u00e1s disposiciones seguir\u00e1n manteniendo plena vigencia y efectos jur\u00eddicos.<\/li>\n<\/ul>\n<p>[\/vc_column_text][\/vc_column][\/vc_row][vc_row][vc_column][vc_custom_heading text=&#8221;Precio de pago&#8221; font_container=&#8221;tag:h3|font_size:21px|text_align:left|color:%2333cccc&#8221; use_theme_fonts=&#8221;yes&#8221;][vc_column_text el_class=&#8221;T\u00e9rminos-section-1-main&#8221;]<\/p>\n<ul>\n<li>Los precios de los cursos se indican en euros e incluyen los impuestos aplicables al d\u00eda del pedido. El precio facturado al comprador es el indicado en la confirmaci\u00f3n de pago que figura en la web, al finalizar el proceso de matr\u00edcula.<\/li>\n<\/ul>\n<p>[\/vc_column_text][\/vc_column][\/vc_row][vc_row][vc_column][vc_custom_heading text=&#8221;Modificaciones en el pago&#8221; font_container=&#8221;tag:h3|font_size:21px|text_align:left|color:%2333cccc&#8221; use_theme_fonts=&#8221;yes&#8221;][vc_column_text el_class=&#8221;T\u00e9rminos-section-1-main&#8221;]<\/p>\n<ul>\n<li>Niakoro se reserva el derecho, que el usuario acepta, de modificar sus precios en cualquier momento, pero los cursos se facturar\u00e1n a partir de las tarifas en vigor en el momento del registro de la matr\u00edcula.<\/li>\n<\/ul>\n<p>[\/vc_column_text][\/vc_column][\/vc_row][vc_row][vc_column][vc_custom_heading text=&#8221;Formas de pago admitidas en el sitio web&#8221; font_container=&#8221;tag:h3|font_size:21px|text_align:left|color:%2333cccc&#8221; use_theme_fonts=&#8221;yes&#8221;][vc_column_text el_class=&#8221;T\u00e9rminos-section-1-main&#8221;]<\/p>\n<ul>\n<li>Los pagos se realizar\u00e1n por Internet. El usuario introducir\u00e1 los datos que le solicite en la plataforma bancaria segura. Dichos datos no se almacenar\u00e1n en ning\u00fan caso en Niakoro. La plataforma bancaria informar\u00e1 a Niakoro de la validez de la compra. S\u00f3lo en el caso de que la venta sea totalmente confirmada Niakoro dar\u00e1 por efectuada la compra y proceder\u00e1 al proceso de admisi\u00f3n y matriculaci\u00f3n. Niakoro desconoce los motivos que producen la negativa de la plataforma bancaria.<\/li>\n<\/ul>\n<p>[\/vc_column_text][\/vc_column][\/vc_row][vc_row][vc_column][vc_custom_heading text=&#8221;Tipos de pago admitidos en el sitio web&#8221; font_container=&#8221;tag:h3|font_size:21px|text_align:left|color:%2333cccc&#8221; use_theme_fonts=&#8221;yes&#8221;][vc_column_text el_class=&#8221;T\u00e9rminos-section-1-main&#8221;]<\/p>\n<ul>\n<li>Pago online con tarjeta de cr\u00e9dito\/d\u00e9bito a trav\u00e9s de la pasarela de pago.<\/li>\n<li>Pago por PayPal (seg\u00fan la localizaci\u00f3n geogr\u00e1fica, se solicitar\u00e1 o no crear una cuenta en este medio de pago)<\/li>\n<\/ul>\n<p>[\/vc_column_text][\/vc_column][\/vc_row][vc_row][vc_column][vc_custom_heading text=&#8221;Incidencias en el inicio de los cursos&#8221; font_container=&#8221;tag:h3|font_size:21px|text_align:left|color:%2333cccc&#8221; use_theme_fonts=&#8221;yes&#8221;][vc_column_text el_class=&#8221;T\u00e9rminos-section-1-main&#8221;]<\/p>\n<ul>\n<li>En caso de que se produzca alguna incidencia o retraso en el comienzo de los cursos, Niakoro se compromete a hacer las gestiones necesarias para agilizar dicho comienzo, el alumno debe reconocer (y aceptar) que la fecha de inicio de cualquier curso puede verse modificada. En este caso, Niakoro lo comunicar\u00e1 al alumno implicado, ofreci\u00e9ndole las diferentes alternativas disponibles y procediendo conforme al apartado \u201cCursos Disponibles\u201d del presente condicionado.<\/li>\n<li>Igualmente, el alumno tiene derecho a solicitar la devoluci\u00f3n del importe abonado, en cuyo caso Niakoro le proceder\u00e1 a dicha devoluci\u00f3n mediante transferencia bancaria o por el medio que elija. En este caso, se devolver\u00e1, exclusivamente, el importe que el alumno abon\u00f3 para la compra de su curso<\/li>\n<\/ul>\n<p>[\/vc_column_text][\/vc_column][\/vc_row][vc_row][vc_column][vc_custom_heading text=&#8221;Derecho de revocaci\u00f3n y desistimiento&#8221; font_container=&#8221;tag:h3|font_size:21px|text_align:left|color:%2333cccc&#8221; use_theme_fonts=&#8221;yes&#8221;][vc_column_text el_class=&#8221;T\u00e9rminos-section-1-main&#8221;]<\/p>\n<ul>\n<li>Desde la fecha de formalizaci\u00f3n de la matr\u00edcula, la cual ser\u00e1 entendida como la fecha efectiva de pago, el alumno dispone de un plazo de 14 d\u00edas naturales para desistir del contrato, con derecho al reintegro de la totalidad de las cantidades abonadas, sin cumplimentar formalidad alguna salvo la comunicaci\u00f3n escrita v\u00eda E-mail a: contacto@niakoro.org y sin que ello suponga ning\u00fan tipo de penalizaci\u00f3n, exceptuando los casos del siguiente apartado. Si se cumplen las condiciones arriba citadas, se reembolsar\u00e1 al comprador en el plazo m\u00e1ximo de catorce d\u00edas naturales la cantidad exacta correspondiente al abono de la matr\u00edcula.<\/li>\n<\/ul>\n<p>[\/vc_column_text][\/vc_column][\/vc_row][vc_row][vc_column][vc_custom_heading text=&#8221;Compromisos&#8221; font_container=&#8221;tag:h3|font_size:21px|text_align:left|color:%2333cccc&#8221; use_theme_fonts=&#8221;yes&#8221;][vc_column_text el_class=&#8221;T\u00e9rminos-section-1-main&#8221;]<\/p>\n<ul>\n<li>Con la cumplimentaci\u00f3n de la matr\u00edcula, el alumno declara ser conocedor de la actividad acad\u00e9mica desarrollada por el Campus Cardiovascular de Niakoro, as\u00ed como estar interesado en la realizaci\u00f3n del programa indicado en el que se matricula, cuyo contenido, caracter\u00edsticas, horarios de estudio, precio, modalidad de pago y exigencias conoce suficientemente.<\/li>\n<li>Niakoro se reserva el derecho de admisi\u00f3n a los cursos que oferta.<\/li>\n<\/ul>\n<p>[\/vc_column_text][\/vc_column][\/vc_row][vc_row][vc_column][vc_custom_heading text=&#8221;Compromisos del alumno&#8221; font_container=&#8221;tag:h3|font_size:21px|text_align:left|color:%2333cccc&#8221; use_theme_fonts=&#8221;yes&#8221;][vc_column_text el_class=&#8221;T\u00e9rminos-section-1-main&#8221;]<\/p>\n<ul>\n<li>El alumno se compromete a desarrollar el programa con aprovechamiento y a respetar las normas acad\u00e9micas del Campus Cardiovascular de Niakoro.<\/li>\n<li>El alumno declara tener los suficientes conocimientos inform\u00e1ticos que le permitan seguir la metodolog\u00eda del presente programa y poder desarrollarlo con plenas garant\u00edas de adquirir los conocimientos necesarios para la obtenci\u00f3n del t\u00edtulo correspondiente.<\/li>\n<li>El alumno no podr\u00e1 utilizar con fines distintos a los de su propia formaci\u00f3n la documentaci\u00f3n, notas t\u00e9cnicas, casos pr\u00e1cticos, actividades, etc., que Niakoro le pueda facilitar, salvo autorizaci\u00f3n escrita de la misma.<\/li>\n<li>El alumno no est\u00e1 autorizado a distribuir, transmitir, copiar, mostrar, ejecutar, reproducir, conceder licencias, usar el material como base para otros trabajos, transferir o vender de ninguna forma ning\u00fan tipo de informaci\u00f3n, documentos, documentaci\u00f3n, im\u00e1genes, c\u00f3digo de programaci\u00f3n, logotipos, marcas, productos ni servicios obtenidos de Niakoro.<\/li>\n<li>Para el correcto y completo funcionamiento del programa el alumno declara poseer o tener acceso a un equipo inform\u00e1tico adecuado para las especificaciones del programa, ya sea propio o ajeno, y una conexi\u00f3n a Internet para poder seguir el programa on-line en el cual se est\u00e1 matriculando como complemento a su aprendizaje si as\u00ed lo requiere, as\u00ed como mantenerlo durante el tiempo de duraci\u00f3n del programa.<\/li>\n<li>El acceso al Campus Virtual se realizar\u00e1 mediante un nombre de usuario y una clave personal de acceso o Password. Dicha clave es personal e intransferible. En caso de p\u00e9rdida o robo de la clave de acceso el usuario deber\u00e1 comunicarlo inmediatamente a Niakoro, en caso contrario Usted ser\u00e1 responsable de las modificaciones y utilizaciones aplicables a su cuenta hasta ese momento.<\/li>\n<li>En los espacios, si los hubiera, en los que tiene lugar una interacci\u00f3n social en donde el alumno podr\u00e1 verter sus opiniones, as\u00ed como mantener una comunicaci\u00f3n interactiva con otros Usuarios, se deber\u00e1n respetar las siguientes normas de conducta:\n<ul>\n<li>Queda totalmente prohibido acosar, violentar, amenazar o causar molestias a cualquier otro alumno o integrante de Niakoro. Bajo ning\u00fan concepto se podr\u00e1 enviar, a trav\u00e9s de los servicios que pone a disposici\u00f3n del alumno Niakoro, ninguna informaci\u00f3n, datos, textos, archivos, enlaces, programas, comunicados o cualquier otro material ilegal, perjudicial, amenazador, abusivo, hostil, difamatorio, obsceno, racista o \u00e9ticamente incorrecto, o constitutivo de una situaci\u00f3n de acoso sexual o de acoso por raz\u00f3n de sexo.<\/li>\n<li>No alterar la participaci\u00f3n de otros usuarios en los espacios interactivos.<\/li>\n<li>No enviar o escribir ning\u00fan anuncio, materiales promocionales o publicitarios, en los tablones de anuncios o en las comunicaciones interactivas.<\/li>\n<li>No infringir la ley local, auton\u00f3mica, nacional, comunitaria o internacional aplicable, mientras se est\u00e9 utilizando o se acceda al Campus Cardiovascular de Niakoro.<\/li>\n<li>No se podr\u00e1 utilizar los nombres o correos electr\u00f3nicos conseguidos a trav\u00e9s de la Niakoro para divulgar informaci\u00f3n promocional o publicitaria sin autorizaci\u00f3n expresa por parte de los usuarios.<\/li>\n<\/ul>\n<\/li>\n<\/ul>\n<ul>\n<li>Niakoro tiene derecho a suspender el acceso del usuario a las ofertas y servicios debido a la infracci\u00f3n de las condiciones de uso o bajo la sospecha bien fundada de tal infracci\u00f3n sin otra indicaci\u00f3n o motivos.<\/li>\n<li>Niakoro se compromete a facilitar los contenidos pedag\u00f3gicos, profesorado y el soporte online necesarios para el completo desarrollo del Curso en el que se ha matriculado.<\/li>\n<li>Niakoro se compromete a expedir y entregar al alumno, una vez finalizado el curso con aprovechamiento y completados todos los pagos del mismo, un Diploma o documento acreditativo de los estudios cursados. Dicho certificado se enviar\u00e1 en formato digital.<\/li>\n<\/ul>\n<p>[\/vc_column_text][\/vc_column][\/vc_row][vc_row][vc_column][vc_custom_heading text=&#8221;Causas de expulsi\u00f3n&#8221; font_container=&#8221;tag:h3|font_size:21px|text_align:left|color:%2333cccc&#8221; use_theme_fonts=&#8221;yes&#8221;][vc_column_text el_class=&#8221;T\u00e9rminos-section-1-main&#8221;]<\/p>\n<ul>\n<li>Niakoro tiene derecho a suspender el acceso del usuario a las ofertas y servicios debido a la infracci\u00f3n de las condiciones de uso o bajo la sospecha bien fundada de tal infracci\u00f3n sin otra indicaci\u00f3n o motivos.<\/li>\n<li>Los art\u00edculos que infrinjan la legislaci\u00f3n aplicable, la moral, las buenas costumbres o los derechos de terceros, o que tengan un contenido sugerente, indecente o abusivo ser\u00e1n eliminados y el usuario puede ser bloqueado para el uso de los foros o eliminado por completo.<\/li>\n<li>Si un usuario viola las condiciones de uso enumeradas, su cuenta de usuario y los enlaces establecidos por \u00e9l pueden ser completamente eliminados sin proporcionar informaci\u00f3n relativa a la causa incluso cuando el acceso se haya restaurado, como en el caso de una suspensi\u00f3n temporal.<\/li>\n<li>El alumno podr\u00e1 ser expulsado por Niakoro, a propuesta y juicio de la coordinaci\u00f3n del programa respectivo, cuando muestre falta grave o reiterada de disciplina, desinter\u00e9s por el aprendizaje, incumplimiento de los m\u00ednimos de asistencia al programa establecido o no supere las pruebas de evaluaci\u00f3n peri\u00f3dica que en cada caso se hayan determinado.<\/li>\n<li>Ser\u00e1 igualmente causa de expulsi\u00f3n la falsedad, en todo o en parte, de los datos suministrados en el proceso de selecci\u00f3n y admisi\u00f3n del alumno.<\/li>\n<li>La expulsi\u00f3n implica la p\u00e9rdida de sus derechos sobre el curso, de obtenci\u00f3n del t\u00edtulo o diploma acreditativo de la realizaci\u00f3n del programa respectivo, as\u00ed como la no devoluci\u00f3n del importe de la matr\u00edcula. Esta misma condici\u00f3n se dar\u00e1 en el caso de renuncia por su parte una vez comenzado el curso.<\/li>\n<\/ul>\n<p>[\/vc_column_text][\/vc_column][\/vc_row][vc_row][vc_column][vc_custom_heading text=&#8221;Incidencia en la matriculaci\u00f3n en cursos&#8221; font_container=&#8221;tag:h3|font_size:21px|text_align:left|color:%2333cccc&#8221; use_theme_fonts=&#8221;yes&#8221;][vc_column_text el_class=&#8221;T\u00e9rminos-section-1-main&#8221;]<\/p>\n<ul>\n<li>Para cualquier incidencia en la matriculaci\u00f3n en cursos a trav\u00e9s del Campus Virtual, el cliente deber\u00e1 ponerse en contacto con la Secretar\u00eda.<\/li>\n<\/ul>\n<p>[\/vc_column_text][\/vc_column][\/vc_row][vc_row][vc_column][vc_custom_heading text=&#8221;Consentimiento del cliente&#8221; font_container=&#8221;tag:h3|font_size:21px|text_align:left|color:%2333cccc&#8221; use_theme_fonts=&#8221;yes&#8221;][vc_column_text el_class=&#8221;T\u00e9rminos-section-1-main&#8221;]<\/p>\n<ul>\n<li>Se entender\u00e1 que el alumno-cliente acepta las condiciones establecidas al marcar la casilla \u2018Acepto las condiciones de venta\u2019 y pulsar en el bot\u00f3n \u2018Comprar\u2019.<\/li>\n<\/ul>\n<p>[\/vc_column_text][\/vc_column][\/vc_row][vc_row][vc_column][vc_custom_heading text=&#8221;Reclamaciones&#8221; font_container=&#8221;tag:h3|font_size:21px|text_align:left|color:%2333cccc&#8221; use_theme_fonts=&#8221;yes&#8221;][vc_column_text el_class=&#8221;T\u00e9rminos-section-1-main&#8221;]<\/p>\n<ul>\n<li>Estas Condiciones Generales se rigen por la ley espa\u00f1ola. Las partes se someten, a su elecci\u00f3n, para la resoluci\u00f3n de los conflictos y con renuncia a cualquier otro fuero, a los juzgados y tribunales del domicilio del usuario.<\/li>\n<\/ul>\n<p>[\/vc_column_text][\/vc_column][\/vc_row]<\/p>\n","protected":false},"excerpt":{"rendered":"<p>[vc_row][vc_column][vc_raw_html]JTNDZGl2JTIwY2xhc3MlM0QlMjJvdGhlci1wYWdlLXRpdGxlJTIyJTNFJTBBJTNDc3BhbiUzRVQlQzMlQTlybWlub3MlMjB5JTIwY29uZGljaW9uZXMlMjBkZSUyMHZlbnRhJTIwT24tbGluZSUzQyUyRnNwYW4lM0UlMEElM0NkaXYlMjBjbGFzcyUzRCUyMm90aGVyLXBhZ2UtdGl0bGUtYnJvZGVyJTIyJTNFJTNDJTJGZGl2JTNFJTBBJTNDJTJGZGl2JTNF[\/vc_raw_html][\/vc_column][\/vc_row][vc_row][vc_column][vc_custom_heading text=&#8221;Aviso legal&#8221; font_container=&#8221;tag:h3|font_size:21px|text_align:left|color:%2333cccc&#8221; use_theme_fonts=&#8221;yes&#8221;][vc_column_text el_class=&#8221;T\u00e9rminos-section-1-main&#8221;] Las presentes condiciones generales de venta constituyen un \u00fanico documento contractual y contienen la totalidad de las relaciones contractuales entre las partes. [\/vc_column_text][\/vc_column][\/vc_row][vc_row][vc_column][vc_custom_heading text=&#8221;Objetivo&#8221;&#8230;<\/p>\n","protected":false},"author":1,"featured_media":0,"parent":0,"menu_order":0,"comment_status":"closed","ping_status":"closed","template":"","meta":{"pmpro_default_level":0},"_links":{"self":[{"href":"https:\/\/www.niakoro.org\/es\/wp-json\/wp\/v2\/pages\/2043"}],"collection":[{"href":"https:\/\/www.niakoro.org\/es\/wp-json\/wp\/v2\/pages"}],"about":[{"href":"https:\/\/www.niakoro.org\/es\/wp-json\/wp\/v2\/types\/page"}],"author":[{"embeddable":true,"href":"https:\/\/www.niakoro.org\/es\/wp-json\/wp\/v2\/users\/1"}],"replies":[{"embeddable":true,"href":"https:\/\/www.niakoro.org\/es\/wp-json\/wp\/v2\/comments?post=2043"}],"version-history":[{"count":10,"href":"https:\/\/www.niakoro.org\/es\/wp-json\/wp\/v2\/pages\/2043\/revisions"}],"predecessor-version":[{"id":2059,"href":"https:\/\/www.niakoro.org\/es\/wp-json\/wp\/v2\/pages\/2043\/revisions\/2059"}],"wp:attachment":[{"href":"https:\/\/www.niakoro.org\/es\/wp-json\/wp\/v2\/media?parent=2043"}],"curies":[{"name":"wp","href":"https:\/\/api.w.org\/{rel}","templated":true}]}}