{"id":1525,"date":"2018-07-08T09:58:29","date_gmt":"2018-07-08T07:58:29","guid":{"rendered":"https:\/\/lms.niakoro.org\/?page_id=1525"},"modified":"2018-12-01T17:52:14","modified_gmt":"2018-12-01T15:52:14","slug":"apps","status":"publish","type":"page","link":"https:\/\/www.niakoro.org\/es\/apps\/","title":{"rendered":"Apps"},"content":{"rendered":"<p>[vc_row][vc_column][vc_custom_heading text=&#8221;A continuaci\u00f3n, se muestran algunas de las Apps m\u00e1s \u00fatiles y de inter\u00e9s sobre temas de cardiopat\u00edas cong\u00e9nitas y cardiolog\u00eda pedi\u00e1trica.&#8221; font_container=&#8221;tag:h2|text_align:center|color:%237bcbbc&#8221; use_theme_fonts=&#8221;yes&#8221; el_class=&#8221;apps-section-1-title&#8221;][\/vc_column][\/vc_row][vc_row css=&#8221;.vc_custom_1531073335487{padding-top: 30px !important;}&#8221;][vc_column width=&#8221;1\/3&#8243;][vc_raw_html]JTNDZGl2JTIwY2xhc3MlM0QlMjJncmlkJTIyJTNFJTBBJTA5JTNDZmlndXJlJTIwY2xhc3MlM0QlMjJlZmZlY3QtbWFybGV5JTIyJTNFJTBBJTA5JTA5JTNDaW1nJTIwc3JjJTNEJTIyaHR0cHMlM0ElMkYlMkZsbXMubmlha29yby5jb20lMkZ3cC1jb250ZW50JTJGdXBsb2FkcyUyRjIwMTglMkYwNyUyRmFwcDEucG5nJTIyJTIwYWx0JTNEJTIyaW1nMTIlMjIlM0UlMEElMDklMDklM0NmaWdjYXB0aW9uJTNFJTBBJTA5JTA5JTA5JTNDaDIlM0VFY2hvY2FsYyUzQyUyRmgyJTNFJTBBJTA5JTA5JTA5JTNDcCUzRURhdG9zJTIweSUyMGMlQzMlQTFsY3Vsb3MlMjBkZSUyMGMlQzMlQTFtYXJhcyUyQyUyMHYlQzMlQTFsdnVsYXMlMjBuYXRpdmFzJTIweSUyMHByb3QlQzMlQTlzaWNhcyUyMHklMjB2YXNvcyUyMHBhcmElMjBsYSUyMGVjb2NhcmRpb2dyYWYlQzMlQURhJTIwdHJhbnN0b3IlQzMlQTFjaWNhLiUyMFByb3RvY29sb3MlMjBkZSUyMGxhJTIwQnJpdGlzaCUyMFNvY2lldHklMjBvZiUyMEVjaG9jYXJkaW9ncmFwaHklMjAlMjhCU0UlMjklM0MlMkZwJTNFJTBBJTA5JTA5JTA5JTNDZGl2JTIwY2xhc3MlM0QlMjJhcHAtaWNvbiUyMHJvdyUyMiUzRSUwQSUyMCUyMCUyMCUyMCUyMCUyMCUyMCUyMCUyMCUyMCUyMCUyMCUyMCUyMCUyMCUyMCUyMCUyMCUyMCUyMCUyMCUyMCUyMCUyMCUyMCUyMCUyMCUyMCUyMCUzQ2RpdiUyMGNsYXNzJTNEJTIyY29sLW1kLTYlMjIlM0UlMEElMDklMDklMDklMDklM0NhJTIwdGFyZ2V0JTNEJTIyX2JsYW5rJTIyJTIwaHJlZiUzRCUyMmh0dHBzJTNBJTJGJTJGcGxheS5nb29nbGUuY29tJTJGc3RvcmUlMkZhcHBzJTJGZGV0YWlscyUzRmlkJTNEYnNlLmVjaG9jYWxjJTI2aGwlM0Rlc180MTklMjIlM0UlM0NpbWclMjBzcmMlM0QlMjJodHRwcyUzQSUyRiUyRmxtcy5uaWFrb3JvLmNvbSUyRndwLWNvbnRlbnQlMkZ1cGxvYWRzJTJGMjAxOCUyRjA3JTJGcGxheVN0b3JlMy5wbmclMjIlM0UlM0MlMkZhJTNFJTBBJTIwJTIwJTIwJTIwJTIwJTIwJTIwJTIwJTIwJTIwJTIwJTIwJTIwJTIwJTIwJTIwJTIwJTIwJTIwJTIwJTIwJTIwJTIwJTIwJTIwJTIwJTIwJTIwJTIwJTNDJTJGZGl2JTNFJTBBJTIwJTIwJTIwJTIwJTIwJTIwJTIwJTIwJTIwJTIwJTIwJTIwJTIwJTIwJTIwJTIwJTIwJTIwJTIwJTIwJTIwJTIwJTIwJTIwJTIwJTIwJTIwJTIwJTIwJTNDZGl2JTIwY2xhc3MlM0QlMjJjb2wtbWQtNiUyMiUzRSUwQSUwOSUwOSUwOSUwOSUzQ2ElMjB0YXJnZXQlM0QlMjJfYmxhbmslMjIlMjBocmVmJTNEJTIyaHR0cHMlM0ElMkYlMkZpdHVuZXMuYXBwbGUuY29tJTJGZXMlMkZhcHAlMkZlY2hvY2FsYyUyRmlkNDY4MTY2NDI2JTNGbXQlM0Q4JTIyJTNFJTNDaW1nJTIwc3JjJTNEJTIyaHR0cHMlM0ElMkYlMkZsbXMubmlha29yby5jb20lMkZ3cC1jb250ZW50JTJGdXBsb2FkcyUyRjIwMTglMkYwNyUyRmFwcFN0b3JlMy5wbmclMjIlM0UlM0MlMkZhJTNFJTBBJTIwJTIwJTIwJTIwJTIwJTIwJTIwJTIwJTIwJTIwJTIwJTIwJTIwJTIwJTIwJTIwJTIwJTIwJTIwJTIwJTIwJTIwJTIwJTIwJTIwJTIwJTIwJTIwJTIwJTNDJTJGZGl2JTNFJTBBJTA5JTA5JTA5JTNDJTJGZGl2JTNFJTBBJTA5JTA5JTNDJTJGZmlnY2FwdGlvbiUzRSUwOSUwOSUwOSUwQSUwOSUzQyUyRmZpZ3VyZSUzRSUwQSUzQyUyRmRpdiUzRQ==[\/vc_raw_html][\/vc_column][vc_column width=&#8221;1\/3&#8243;][vc_raw_html]JTNDZGl2JTIwY2xhc3MlM0QlMjJncmlkJTIyJTNFJTBBJTA5JTNDZmlndXJlJTIwY2xhc3MlM0QlMjJlZmZlY3QtbWFybGV5JTIyJTNFJTBBJTA5JTA5JTNDaW1nJTIwc3JjJTNEJTIyaHR0cHMlM0ElMkYlMkZsbXMubmlha29yby5jb20lMkZ3cC1jb250ZW50JTJGdXBsb2FkcyUyRjIwMTglMkYwNyUyRmFwcDIucG5nJTIyJTIwYWx0JTNEJTIyaW1nMTIlMjIlM0UlMEElMDklMDklM0NmaWdjYXB0aW9uJTNFJTBBJTA5JTA5JTA5JTNDaDIlM0VpQVNFJTNDJTJGaDIlM0UlMEElMDklMDklMDklM0NwJTNFR3UlQzMlQURhcyUyMGRlJTIwbGElMjBTb2NpZWRhZCUyMGFtZXJpY2FuYSUyMGRlJTIwZWNvY2FyZGlvZ3JhZiVDMyVBRGElMjBwYXJhJTIwZWwlMjB1c28lMjBkZSUyMGxhJTIwRWNvY2FyZGlvZ3JhZmlhJTIwZW4lMjBhZHVsdG9zJTIweSUyMG5pJUMzJUIxb3MlMjAlMjhjb25zZW5zbyUyMGRlJTIwZXhwZXJ0b3MlMkMlMjBndSVDMyVBRGFzJTIwZGUlMjBjdWFudGlmaWNhY2klQzMlQjNuJTIwZGUlMjBjJUMzJUExbWFyYXMlMjB5JTIwZnVuY2klQzMlQjNuJTI5JTNDJTJGcCUzRSUwQSUwOSUwOSUwOSUzQ2RpdiUyMGNsYXNzJTNEJTIyYXBwLWljb24lMjByb3clMjIlM0UlMEElMjAlMjAlMjAlMjAlMjAlMjAlMjAlMjAlMjAlMjAlMjAlMjAlMjAlMjAlMjAlMjAlMjAlMjAlMjAlMjAlMjAlMjAlMjAlMjAlMjAlMjAlMjAlMjAlMjAlM0NkaXYlMjBjbGFzcyUzRCUyMmNvbC1tZC02JTIyJTNFJTBBJTA5JTA5JTA5JTA5JTNDYSUyMHRhcmdldCUzRCUyMl9ibGFuayUyMiUyMGhyZWYlM0QlMjJodHRwcyUzQSUyRiUyRnBsYXkuZ29vZ2xlLmNvbSUyRnN0b3JlJTJGYXBwcyUyRmRldGFpbHMlM0ZpZCUzRG9yZy5hc2VjaG8uaUFTRSUyNmhsJTNEZXMlMjIlM0UlM0NpbWclMjBzcmMlM0QlMjJodHRwcyUzQSUyRiUyRmxtcy5uaWFrb3JvLmNvbSUyRndwLWNvbnRlbnQlMkZ1cGxvYWRzJTJGMjAxOCUyRjA3JTJGcGxheVN0b3JlMy5wbmclMjIlM0UlM0MlMkZhJTNFJTBBJTIwJTIwJTIwJTIwJTIwJTIwJTIwJTIwJTIwJTIwJTIwJTIwJTIwJTIwJTIwJTIwJTIwJTIwJTIwJTIwJTIwJTIwJTIwJTIwJTIwJTIwJTIwJTIwJTIwJTNDJTJGZGl2JTNFJTBBJTIwJTIwJTIwJTIwJTIwJTIwJTIwJTIwJTIwJTIwJTIwJTIwJTIwJTIwJTIwJTIwJTIwJTIwJTIwJTIwJTIwJTIwJTIwJTIwJTIwJTIwJTIwJTIwJTIwJTNDZGl2JTIwY2xhc3MlM0QlMjJjb2wtbWQtNiUyMiUzRSUwQSUwOSUwOSUwOSUwOSUzQ2ElMjB0YXJnZXQlM0QlMjJfYmxhbmslMjIlMjBocmVmJTNEJTIyaHR0cHMlM0ElMkYlMkZpdHVuZXMuYXBwbGUuY29tJTJGdXMlMkZhcHAlMkZpYXNlJTJGaWQ0NDI4ODMxNzYlM0ZtdCUzRDglMjIlM0UlM0NpbWclMjBzcmMlM0QlMjJodHRwcyUzQSUyRiUyRmxtcy5uaWFrb3JvLmNvbSUyRndwLWNvbnRlbnQlMkZ1cGxvYWRzJTJGMjAxOCUyRjA3JTJGYXBwU3RvcmUzLnBuZyUyMiUzRSUzQyUyRmElM0UlMEElMjAlMjAlMjAlMjAlMjAlMjAlMjAlMjAlMjAlMjAlMjAlMjAlMjAlMjAlMjAlMjAlMjAlMjAlMjAlMjAlMjAlMjAlMjAlMjAlMjAlMjAlMjAlMjAlMjAlM0MlMkZkaXYlM0UlMEElMDklMDklMDklM0MlMkZkaXYlM0UlMEElMDklMDklM0MlMkZmaWdjYXB0aW9uJTNFJTA5JTA5JTA5JTBBJTA5JTNDJTJGZmlndXJlJTNFJTBBJTNDJTJGZGl2JTNF[\/vc_raw_html][\/vc_column][vc_column width=&#8221;1\/3&#8243;][vc_raw_html]JTNDZGl2JTIwY2xhc3MlM0QlMjJncmlkJTIyJTNFJTBBJTA5JTNDZmlndXJlJTIwY2xhc3MlM0QlMjJlZmZlY3QtbWFybGV5JTIyJTNFJTBBJTA5JTA5JTNDaW1nJTIwc3JjJTNEJTIyaHR0cHMlM0ElMkYlMkZsbXMubmlha29yby5jb20lMkZ3cC1jb250ZW50JTJGdXBsb2FkcyUyRjIwMTglMkYwNyUyRmFwcDcucG5nJTIyJTIwYWx0JTNEJTIyaW1nMTIlMjIlM0UlMEElMDklMDklM0NmaWdjYXB0aW9uJTNFJTBBJTA5JTA5JTA5JTNDaDIlM0VQZWRpYW1lY3VtJTNDJTJGaDIlM0UlMEElMDklMDklMDklM0NwJTNFUGVkaWFtJUMzJUE5Y3VtJTIwZXMlMjB1bmElMjBiYXNlJTIwZGUlMjBkYXRvcyUyMGRvY3VtZW50YWwlMjBkZSUyMGxvcyUyMHByaW5jaXBpb3MlMjBhY3Rpdm9zJTIwZGUlMjB1c28lMjBjb20lQzMlQkFuJTIwZW4lMjBwZWRpYXRyJUMzJUFEYSUyQyUyMGNyZWFkYSUyMHklMjBtYW50ZW5pZGElMjBwb3IlMjBlbCUyMENvbWl0JUMzJUE5JTIwZGUlMjBNZWRpY2FtZW50b3MlMjBkZSUyMGxhJTIwQXNvY2lhY2klQzMlQjNuJTIwRXNwYSVDMyVCMW9sYSUyMGRlJTIwUGVkaWF0ciVDMyVBRGElMjBjb24lMjBsYSUyMGNvbGFib3JhY2klQzMlQjNuJTIwZGUlMjBtJUMzJUExcyUyMGRlJTIwMzUwJTIwcHJvZmVzaW9uYWxlcyUyMGRlJTIwZGlzdGludGFzJTIwZXNwZWNpYWxpZGFkZXMuJTNDJTJGcCUzRSUwQSUwOSUwOSUwOSUzQ2RpdiUyMGNsYXNzJTNEJTIyYXBwLWljb24lMjByb3clMjIlM0UlMEElMjAlMjAlMjAlMjAlMjAlMjAlMjAlMjAlMjAlMjAlMjAlMjAlMjAlMjAlMjAlMjAlMjAlMjAlMjAlMjAlMjAlMjAlMjAlMjAlMjAlMjAlMjAlMjAlMjAlM0NkaXYlMjBjbGFzcyUzRCUyMmNvbC1tZC02JTIyJTNFJTBBJTA5JTA5JTA5JTA5JTNDYSUyMHRhcmdldCUzRCUyMl9ibGFuayUyMiUyMGhyZWYlM0QlMjJodHRwcyUzQSUyRiUyRnBsYXkuZ29vZ2xlLmNvbSUyRnN0b3JlJTJGYXBwcyUyRmRldGFpbHMlM0ZpZCUzRGNvbS5wZWRpYW1lY3VtLmFwcCUyNmhsJTNEZXMlMjIlM0UlM0NpbWclMjBzcmMlM0QlMjJodHRwcyUzQSUyRiUyRmxtcy5uaWFrb3JvLmNvbSUyRndwLWNvbnRlbnQlMkZ1cGxvYWRzJTJGMjAxOCUyRjA3JTJGcGxheVN0b3JlMy5wbmclMjIlM0UlM0MlMkZhJTNFJTBBJTIwJTIwJTIwJTIwJTIwJTIwJTIwJTIwJTIwJTIwJTIwJTIwJTIwJTIwJTIwJTIwJTIwJTIwJTIwJTIwJTIwJTIwJTIwJTIwJTIwJTIwJTIwJTIwJTIwJTNDJTJGZGl2JTNFJTBBJTIwJTIwJTIwJTIwJTIwJTIwJTIwJTIwJTIwJTIwJTIwJTIwJTIwJTIwJTIwJTIwJTIwJTIwJTIwJTIwJTIwJTIwJTIwJTIwJTIwJTIwJTIwJTIwJTIwJTNDZGl2JTIwY2xhc3MlM0QlMjJjb2wtbWQtNiUyMiUzRSUwQSUwOSUwOSUwOSUwOSUzQ2ElMjB0YXJnZXQlM0QlMjJfYmxhbmslMjIlMjBocmVmJTNEJTIyaHR0cHMlM0ElMkYlMkZpdHVuZXMuYXBwbGUuY29tJTJGZXMlMkZhcHAlMkZwZG0lMkZpZDExMTY3NzgwMjYlM0ZtdCUzRDglMjZpZ24tbXB0JTNEdW8lMjUzRDQlMjIlM0UlM0NpbWclMjBzcmMlM0QlMjJodHRwcyUzQSUyRiUyRmxtcy5uaWFrb3JvLmNvbSUyRndwLWNvbnRlbnQlMkZ1cGxvYWRzJTJGMjAxOCUyRjA3JTJGYXBwU3RvcmUzLnBuZyUyMiUzRSUzQyUyRmElM0UlMEElMjAlMjAlMjAlMjAlMjAlMjAlMjAlMjAlMjAlMjAlMjAlMjAlMjAlMjAlMjAlMjAlMjAlMjAlMjAlMjAlMjAlMjAlMjAlMjAlMjAlMjAlMjAlMjAlMjAlM0MlMkZkaXYlM0UlMEElMDklMDklMDklM0MlMkZkaXYlM0UlMEElMDklMDklM0MlMkZmaWdjYXB0aW9uJTNFJTA5JTA5JTA5JTBBJTA5JTNDJTJGZmlndXJlJTNFJTBBJTNDJTJGZGl2JTNF[\/vc_raw_html][\/vc_column][\/vc_row][vc_row][vc_column width=&#8221;1\/3&#8243;][vc_raw_html]JTNDZGl2JTIwY2xhc3MlM0QlMjJncmlkJTIyJTNFJTBBJTA5JTNDZmlndXJlJTIwY2xhc3MlM0QlMjJlZmZlY3QtbWFybGV5JTIyJTNFJTBBJTA5JTA5JTNDaW1nJTIwc3JjJTNEJTIyaHR0cHMlM0ElMkYlMkZsbXMubmlha29yby5jb20lMkZ3cC1jb250ZW50JTJGdXBsb2FkcyUyRjIwMTglMkYwNyUyRmFwcDQucG5nJTIyJTIwYWx0JTNEJTIyaW1nMTIlMjIlM0UlMEElMDklMDklM0NmaWdjYXB0aW9uJTNFJTBBJTA5JTA5JTA5JTNDaDIlM0VFU0MlMjBQb2NrZXQlMjBHdWlkZWxpbmVzJTNDJTJGaDIlM0UlMEElMDklMDklMDklM0NwJTNFQXBwJTIwY29uJTIwbGFzJTIwR3UlQzMlQURhcyUyMGRlJTIwbGElMjBFU0MlMkMlMjBjb24lMjBoZXJyYW1pZW50YXMlMjBpbnRlcmFjdGl2YXMlMjAlMjhhbGdvcml0bW9zJTJDJTIwY2FsY3VsYWRvcmFzJTJDJTIwZ3IlQzMlQTFmaWNvcyUyMHklMjBzY29yZXMlRTIlODAlQTYlMjklM0MlMkZwJTNFJTBBJTA5JTA5JTA5JTNDZGl2JTIwY2xhc3MlM0QlMjJhcHAtaWNvbiUyMHJvdyUyMiUzRSUwQSUyMCUyMCUyMCUyMCUyMCUyMCUyMCUyMCUyMCUyMCUyMCUyMCUyMCUyMCUyMCUyMCUyMCUyMCUyMCUyMCUyMCUyMCUyMCUyMCUyMCUyMCUyMCUyMCUyMCUzQ2RpdiUyMGNsYXNzJTNEJTIyY29sLW1kLTYlMjIlM0UlMEElMDklMDklMDklMDklM0NhJTIwdGFyZ2V0JTNEJTIyX2JsYW5rJTIyJTIwaHJlZiUzRCUyMmh0dHBzJTNBJTJGJTJGcGxheS5nb29nbGUuY29tJTJGc3RvcmUlMkZhcHBzJTJGZGV0YWlscyUzRmlkJTNEY29tLmVzY2NhcmRpby5lc2Nwb2NrZXRndWlkZWxpbmVzJTI2aGwlM0RlcyUyMiUzRSUzQ2ltZyUyMHNyYyUzRCUyMmh0dHBzJTNBJTJGJTJGbG1zLm5pYWtvcm8uY29tJTJGd3AtY29udGVudCUyRnVwbG9hZHMlMkYyMDE4JTJGMDclMkZwbGF5U3RvcmUzLnBuZyUyMiUzRSUzQyUyRmElM0UlMEElMjAlMjAlMjAlMjAlMjAlMjAlMjAlMjAlMjAlMjAlMjAlMjAlMjAlMjAlMjAlMjAlMjAlMjAlMjAlMjAlMjAlMjAlMjAlMjAlMjAlMjAlMjAlMjAlMjAlM0MlMkZkaXYlM0UlMEElMjAlMjAlMjAlMjAlMjAlMjAlMjAlMjAlMjAlMjAlMjAlMjAlMjAlMjAlMjAlMjAlMjAlMjAlMjAlMjAlMjAlMjAlMjAlMjAlMjAlMjAlMjAlMjAlMjAlM0NkaXYlMjBjbGFzcyUzRCUyMmNvbC1tZC02JTIyJTNFJTBBJTA5JTA5JTA5JTA5JTNDYSUyMHRhcmdldCUzRCUyMl9ibGFuayUyMiUyMGhyZWYlM0QlMjJodHRwcyUzQSUyRiUyRml0dW5lcy5hcHBsZS5jb20lMkZ1cyUyRmFwcCUyRmVzYy1wb2NrZXQtZ3VpZGVsaW5lcyUyRmlkNjgzMDc5NTk5JTNGbHMlM0QxJTI2bXQlM0Q4JTIyJTNFJTNDaW1nJTIwc3JjJTNEJTIyaHR0cHMlM0ElMkYlMkZsbXMubmlha29yby5jb20lMkZ3cC1jb250ZW50JTJGdXBsb2FkcyUyRjIwMTglMkYwNyUyRmFwcFN0b3JlMy5wbmclMjIlM0UlM0MlMkZhJTNFJTBBJTIwJTIwJTIwJTIwJTIwJTIwJTIwJTIwJTIwJTIwJTIwJTIwJTIwJTIwJTIwJTIwJTIwJTIwJTIwJTIwJTIwJTIwJTIwJTIwJTIwJTIwJTIwJTIwJTIwJTNDJTJGZGl2JTNFJTBBJTA5JTA5JTA5JTNDJTJGZGl2JTNFJTBBJTA5JTA5JTNDJTJGZmlnY2FwdGlvbiUzRSUwOSUwOSUwOSUwQSUwOSUzQyUyRmZpZ3VyZSUzRSUwQSUzQyUyRmRpdiUzRQ==[\/vc_raw_html][\/vc_column][vc_column width=&#8221;1\/3&#8243;][vc_raw_html]JTNDZGl2JTIwY2xhc3MlM0QlMjJncmlkJTIyJTNFJTBBJTA5JTNDZmlndXJlJTIwY2xhc3MlM0QlMjJlZmZlY3QtbWFybGV5JTIyJTNFJTBBJTA5JTA5JTNDaW1nJTIwc3JjJTNEJTIyaHR0cHMlM0ElMkYlMkZsbXMubmlha29yby5jb20lMkZ3cC1jb250ZW50JTJGdXBsb2FkcyUyRjIwMTglMkYwNyUyRmFwcDMucG5nJTIyJTIwYWx0JTNEJTIyaW1nMTIlMjIlM0UlMEElMDklMDklM0NmaWdjYXB0aW9uJTNFJTBBJTA5JTA5JTA5JTNDaDIlM0VFY2hvTGFiJTIwJTI4aU9TJTI5JTNDJTJGaDIlM0UlMEElMDklMDklMDklM0NwJTNFRWNob0xhYiUyMHByZXNlbnRhJTIwbGFzJTIwZiVDMyVCM3JtdWxhcyUyMHklMjBsb3MlMjBhbGdvcml0bW9zJTIwY29tJUMzJUJBbm1lbnRlJTIwdXRpbGl6YWRvcyUyMGVuJTIwdW4lMjBsYWJvcmF0b3JpbyUyMGRlJTIwZWNvY2FyZGlvZ3JhZiVDMyVBRGEuJTIwRGlzZSVDMyVCMWFkbyUyMHBvciUyMHVuJTIwY2FyZGklQzMlQjNsb2dvJTIweSUyMHVuJTIwZWNvY2FyZGklQzMlQjNncmFmbyUyMGVuJTIwZWplcmNpY2lvLiUyMEVjaG9MYWIlMjBzaW50ZXRpemElMjBsb3MlMjByZXN1bHRhZG9zJTIwZGUlMjBtJUMzJUJBbHRpcGxlcyUyMGMlQzMlQTFsY3Vsb3MlMjBjb24lMjB1biUyMHJlc3VtZW4lMjBjb21wbGV0byUyQyUyMGludGVncmFuZG8lMjBsYXMlMjBHdSVDMyVBRGFzJTIwZGUlMjBjdWFudGlmaWNhY2klQzMlQjNuJTIwZGUlMjBsYXMlMjBjJUMzJUExbWFyYXMlMjBjYXJkJUMzJUFEYWNhJTIwQVNFJTIwJTJGJTIwRUFDVkklMjBkZSUyMDIwMTUlMjB5JTIwbGFzJTIwR3UlQzMlQURhcyUyMGRlJTIwbGElMjBBQ0MlMjAlMkYlMjBBSEElMjBkZSUyMDIwMTQlMjBwYXJhJTIwbGElMjBjYXJkaW9wYXQlQzMlQURhJTIwdmFsdnVsYXIuJTNDJTJGcCUzRSUwQSUwOSUwOSUwOSUzQ2RpdiUyMGNsYXNzJTNEJTIyYXBwLWljb24lMjByb3clMjIlM0UlMEElMjAlMjAlMjAlMjAlMjAlMjAlMjAlMjAlMjAlMjAlMjAlMjAlMjAlMjAlMjAlMjAlMjAlMjAlMjAlMjAlMjAlMjAlMjAlMjAlMjAlMjAlMjAlMjAlMjAlM0NkaXYlMjBjbGFzcyUzRCUyMmNvbC1tZC0xMiUyMiUzRSUwQSUwOSUwOSUwOSUwOSUzQ2ElMjB0YXJnZXQlM0QlMjJfYmxhbmslMjIlMjBocmVmJTNEJTIyaHR0cHMlM0ElMkYlMkZpdHVuZXMuYXBwbGUuY29tJTJGZXMlMkZhcHAlMkZlY2hvbGFiJTJGaWQ0Mjc0NjA4MDUlM0ZtdCUzRDglMjIlM0UlM0NpbWclMjBjbGFzcyUzRCUyMnNpbmdsZS1pY29uLWltZyUyMiUyMHNyYyUzRCUyMmh0dHBzJTNBJTJGJTJGbG1zLm5pYWtvcm8uY29tJTJGd3AtY29udGVudCUyRnVwbG9hZHMlMkYyMDE4JTJGMDclMkZhcHBTdG9yZTMucG5nJTIyJTNFJTNDJTJGYSUzRSUwQSUyMCUyMCUyMCUyMCUyMCUyMCUyMCUyMCUyMCUyMCUyMCUyMCUyMCUyMCUyMCUyMCUyMCUyMCUyMCUyMCUyMCUyMCUyMCUyMCUyMCUyMCUyMCUyMCUyMCUzQyUyRmRpdiUzRSUwQSUwOSUwOSUwOSUzQyUyRmRpdiUzRSUwQSUwOSUwOSUzQyUyRmZpZ2NhcHRpb24lM0UlMDklMDklMDklMEElMDklM0MlMkZmaWd1cmUlM0UlMEElM0MlMkZkaXYlM0U=[\/vc_raw_html][\/vc_column][vc_column width=&#8221;1\/3&#8243;][vc_raw_html]JTNDZGl2JTIwY2xhc3MlM0QlMjJncmlkJTIyJTNFJTBBJTA5JTNDZmlndXJlJTIwY2xhc3MlM0QlMjJlZmZlY3QtbWFybGV5JTIyJTNFJTBBJTA5JTA5JTNDaW1nJTIwc3JjJTNEJTIyaHR0cHMlM0ElMkYlMkZsbXMubmlha29yby5jb20lMkZ3cC1jb250ZW50JTJGdXBsb2FkcyUyRjIwMTglMkYwNyUyRmFwcDUucG5nJTIyJTIwYWx0JTNEJTIyaW1nMTIlMjIlM0UlMEElMDklMDklM0NmaWdjYXB0aW9uJTNFJTBBJTA5JTA5JTA5JTNDaDIlM0VIZWFydCUyMFBybyUyMElJSSUzQyUyRmgyJTNFJTBBJTA5JTA5JTA5JTNDcCUzRUFwbGljYWNpJUMzJUIzbiUyMHJlYWxpemFkYSUyMGVuJTIwbGElMjBVbml2ZXJzaWRhZCUyMGRlJTIwU3RhbmZvcmQlMjBwb3IlMjBlbCUyMERyLiUyMExhY3klMjBFLiUyMEhhcnZpbGxlLiUyME11ZXN0cmElMjB2aWRlb3MlMjBtdXklMjBpbHVzdHJhdGl2b3MlMjB5JTIwcmVhbCVDMyVBRHN0aWNvcyUyQyUyMHBlcm1pdGllbmRvJTIwdmlzdWFsaXphciUyMHBhcnRlcyUyMGRldGFsbGFkYXMlMjBkZWwlMjBjb3JheiVDMyVCM24lMjB5JTJGbyUyMGFuaW1hY2lvbmVzJTIwYSUyMHN1cyUyMHBhY2llbnRlcyUyMG8lMjBlc3R1ZGlhbnRlcyUyMCVFMiU4MCU5MyUyMGNvbnRyaWJ1eWVuZG8lMjBhJTIwZWR1Y2FyJTIwbyUyMGV4cGxpY2FyJTIwYWZlY2Npb25lcyUyQyUyMGVuZmVybWVkYWRlcyUyMHklMjBsZXNpb25lcyUyMG8lMjB0JUMzJUE5Y25pY2FzJTIwY2FyZGlvbCVDMyVCM2dpY2FzLiUzQyUyRnAlM0UlMEElMDklMDklMDklM0NkaXYlMjBjbGFzcyUzRCUyMmFwcC1pY29uJTIwcm93JTIyJTNFJTBBJTIwJTIwJTIwJTIwJTIwJTIwJTIwJTIwJTIwJTIwJTIwJTIwJTIwJTIwJTIwJTIwJTIwJTIwJTIwJTIwJTIwJTIwJTIwJTIwJTIwJTIwJTIwJTIwJTIwJTNDZGl2JTIwY2xhc3MlM0QlMjJjb2wtbWQtMTIlMjIlM0UlMEElMDklMDklMDklMDklM0NhJTIwdGFyZ2V0JTNEJTIyX2JsYW5rJTIyJTIwaHJlZiUzRCUyMmh0dHBzJTNBJTJGJTJGaXR1bmVzLmFwcGxlLmNvbSUyRmVzJTJGYXBwJTJGaGVhcnQtcHJvLWlpaSUyRmlkMzkzMjMxNTI2JTNGbXQlM0Q4JTIyJTNFJTNDaW1nJTIwY2xhc3MlM0QlMjJzaW5nbGUtaWNvbi1pbWclMjIlMjBzcmMlM0QlMjJodHRwcyUzQSUyRiUyRmxtcy5uaWFrb3JvLmNvbSUyRndwLWNvbnRlbnQlMkZ1cGxvYWRzJTJGMjAxOCUyRjA3JTJGYXBwU3RvcmUzLnBuZyUyMiUzRSUzQyUyRmElM0UlMEElMjAlMjAlMjAlMjAlMjAlMjAlMjAlMjAlMjAlMjAlMjAlMjAlMjAlMjAlMjAlMjAlMjAlMjAlMjAlMjAlMjAlMjAlMjAlMjAlMjAlMjAlMjAlMjAlMjAlM0MlMkZkaXYlM0UlMEElMDklMDklMDklM0MlMkZkaXYlM0UlMEElMDklMDklM0MlMkZmaWdjYXB0aW9uJTNFJTA5JTA5JTA5JTBBJTA5JTNDJTJGZmlndXJlJTNFJTBBJTNDJTJGZGl2JTNF[\/vc_raw_html][\/vc_column][\/vc_row][vc_row][vc_column width=&#8221;1\/3&#8243;][vc_raw_html]JTNDZGl2JTIwY2xhc3MlM0QlMjJncmlkJTIyJTNFJTBBJTA5JTNDZmlndXJlJTIwY2xhc3MlM0QlMjJlZmZlY3QtbWFybGV5JTIyJTNFJTBBJTA5JTA5JTNDaW1nJTIwc3JjJTNEJTIyaHR0cHMlM0ElMkYlMkZsbXMubmlha29yby5jb20lMkZ3cC1jb250ZW50JTJGdXBsb2FkcyUyRjIwMTglMkYwNyUyRmFwcDYucG5nJTIyJTIwYWx0JTNEJTIyaW1nMTIlMjIlM0UlMEElMDklMDklM0NmaWdjYXB0aW9uJTNFJTBBJTA5JTA5JTA5JTNDaDIlM0VQZWRpYXRyaWMlMjBFQ0clMjBTdGF0JTIwJTI4QW5kcm9pZCUyOSUzQyUyRmgyJTNFJTBBJTA5JTA5JTA5JTNDcCUzRSUzQyUyRnAlM0UlMEElMDklMDklMDklM0NkaXYlMjBjbGFzcyUzRCUyMmFwcC1pY29uJTIwcm93JTIyJTNFJTBBJTIwJTIwJTIwJTIwJTIwJTIwJTIwJTIwJTIwJTIwJTIwJTIwJTIwJTIwJTIwJTIwJTIwJTIwJTIwJTIwJTIwJTIwJTIwJTIwJTIwJTIwJTIwJTIwJTIwJTNDZGl2JTIwY2xhc3MlM0QlMjJjb2wtbWQtMTIlMjIlM0UlMEElMDklMDklMDklMDklM0NhJTIwdGFyZ2V0JTNEJTIyX2JsYW5rJTIyJTIwaHJlZiUzRCUyMmh0dHBzJTNBJTJGJTJGcGVkaWF0cmljLWVjZy1zdGF0LmVzLmFwdG9pZGUuY29tJTJGJTNGbGFuZ3VhZ2VfY2hhbmdlJTNEMSUyMiUzRSUzQ2ltZyUyMGNsYXNzJTNEJTIyc2luZ2xlLWljb24taW1nJTIyJTIwc3JjJTNEJTIyaHR0cHMlM0ElMkYlMkZsbXMubmlha29yby5jb20lMkZ3cC1jb250ZW50JTJGdXBsb2FkcyUyRjIwMTglMkYwNyUyRnBsYXlTdG9yZTMucG5nJTIyJTNFJTNDJTJGYSUzRSUwQSUyMCUyMCUyMCUyMCUyMCUyMCUyMCUyMCUyMCUyMCUyMCUyMCUyMCUyMCUyMCUyMCUyMCUyMCUyMCUyMCUyMCUyMCUyMCUyMCUyMCUyMCUyMCUyMCUyMCUzQyUyRmRpdiUzRSUwQSUwOSUwOSUwOSUzQyUyRmRpdiUzRSUwQSUwOSUwOSUzQyUyRmZpZ2NhcHRpb24lM0UlMDklMDklMDklMEElMDklM0MlMkZmaWd1cmUlM0UlMEElM0MlMkZkaXYlM0U=[\/vc_raw_html][\/vc_column][vc_column width=&#8221;1\/3&#8243;][vc_raw_html]JTNDZGl2JTIwY2xhc3MlM0QlMjJncmlkJTIyJTNFJTBBJTA5JTNDZmlndXJlJTIwY2xhc3MlM0QlMjJlZmZlY3QtbWFybGV5JTIyJTNFJTBBJTA5JTA5JTNDaW1nJTIwc3JjJTNEJTIyaHR0cHMlM0ElMkYlMkZsbXMubmlha29yby5jb20lMkZ3cC1jb250ZW50JTJGdXBsb2FkcyUyRjIwMTglMkYwNyUyRmFwcDAucG5nJTIyJTIwYWx0JTNEJTIyaW1nMTIlMjIlM0UlMEElMDklMDklM0NmaWdjYXB0aW9uJTNFJTBBJTA5JTA5JTA5JTNDaDIlM0VBUFBURUNBJTNDJTJGaDIlM0UlMEElMDklMDklMDklM0NwJTNFUHJveWVjdG8lMjBkZSUyMGxhJTIwU0VDJTIweSUyMFNvY2llZGFkJTIwRXNwYSVDMyVCMW9sYSUyMGRlJTIwTSVDMyVBOWRpY29zJTIwR2VuZXJhbGVzJTIweSUyMGRlJTIwRmFtaWxpYSUzQSUyMEFwcHMlMjBwYXJhJTIwZWwlMjBtJUMzJUE5ZGljbyUyMGF0ZW5jaSVDMyVCM24lMjBwcmltYXJpYSUyMCUyOHNvbG8lMjBhZHVsdG9zJTI5JTIwZGlyaWdpZGFzJTIwYSUyMFJpZXNnbyUyMGNhcmRpb3Zhc2N1bGFyJTJDJTIwRUNHJTIwcHIlQzMlQTFjdGljbyUyQyUyMFNlbWlvbG9nJUMzJUFEYSUyMENsJUMzJUFEbmljYSUyQyUyMEluc3VmaWNpZW5jaWElMjBjYXJkaWFjYSUyQyUyMEVjb2NhcmRpb3Njb3BpYSUyMGUlMjBIaXBlcnRlbnNpJUMzJUIzbiUyMGFydGVyaWFsLiUzQyUyRnAlM0UlMEElMDklMDklMDklM0NkaXYlMjBjbGFzcyUzRCUyMmFwcC1pY29uJTIwcm93JTIyJTNFJTBBJTIwJTIwJTIwJTIwJTIwJTIwJTIwJTIwJTIwJTIwJTIwJTIwJTIwJTIwJTIwJTIwJTIwJTIwJTIwJTIwJTIwJTIwJTIwJTIwJTIwJTIwJTIwJTIwJTIwJTNDZGl2JTIwY2xhc3MlM0QlMjJjb2wtbWQtMTIlMjBhcHAtaWNvbi1tYWluJTIyJTNFJTBBJTA5JTA5JTA5JTA5JTNDYSUyMHRhcmdldCUzRCUyMl9ibGFuayUyMiUyMHRhcmdldCUzRCUyMl9ibGFuayUyMiUyMGhyZWYlM0QlMjJodHRwJTNBJTJGJTJGYXBwdGVjYS5lcyUyRmluZGV4LnBocCUyRmFwcHMlMjIlMjBjbGFzcyUzRCUyMmJ0biUyMGJ0bi1zZWNvbmRhcnklMjB0ZXh0LXVwcGVyY2FzZSUyMHcxMDBwZXIxMDAlMjIlM0VTaXRpbyUyMHdlYiUzQyUyRmElM0UlMEElMjAlMjAlMjAlMjAlMjAlMjAlMjAlMjAlMjAlMjAlMjAlMjAlMjAlMjAlMjAlMjAlMjAlMjAlMjAlMjAlMjAlMjAlMjAlMjAlMjAlMjAlMjAlMjAlMjAlM0MlMkZkaXYlM0UlMEElMDklMDklMDklM0MlMkZkaXYlM0UlMEElMDklMDklM0MlMkZmaWdjYXB0aW9uJTNFJTA5JTA5JTA5JTBBJTA5JTNDJTJGZmlndXJlJTNFJTBBJTNDJTJGZGl2JTNF[\/vc_raw_html][\/vc_column][vc_column width=&#8221;1\/3&#8243;][vc_raw_html]JTNDZGl2JTIwY2xhc3MlM0QlMjJncmlkJTIyJTNFJTBBJTA5JTNDZmlndXJlJTIwY2xhc3MlM0QlMjJlZmZlY3QtbWFybGV5JTIyJTNFJTBBJTA5JTA5JTNDaW1nJTIwc3JjJTNEJTIyaHR0cHMlM0ElMkYlMkZsbXMubmlha29yby5jb20lMkZ3cC1jb250ZW50JTJGdXBsb2FkcyUyRjIwMTglMkYwNyUyRmFwcDgucG5nJTIyJTIwYWx0JTNEJTIyaW1nMTIlMjIlM0UlMEElMDklMDklM0NmaWdjYXB0aW9uJTNFJTBBJTA5JTA5JTA5JTNDaDIlM0VUbkVDSE8lM0MlMkZoMiUzRSUwQSUwOSUwOSUwOSUzQ3AlM0VFY29jYXJkaW9ncmFmJUMzJUFEYSUyMG5lb25hdGFsJTIwZGlyaWdpZGElMjAlMjhUbkVDSE8lMjklMjBwYXJhJTIwbmVvbmF0JUMzJUIzbG9nb3MlMjBwYXJhJTIwbGElMjBldmFsdWFjaSVDMyVCM24lMjBkZWwlMjBzaXN0ZW1hJTIwY2FyZGlvdmFzY3VsYXIlMjBlbiUyMGxhJTIwVW5pZGFkJTIwZGUlMjBjdWlkYWRvcyUyMGludGVuc2l2b3MlMjBuZW9uYXRhbGVzJTNBJTIwY29yYXolQzMlQjNuJTIwbm9ybWFsJTJDJTIwZHVjdHVzJTIwYXJ0ZXJpb3NvJTIwZSUyMGhpcGVydGVuc2klQzMlQjNuJTIwcHVsbW9uYXIlMjBkZWwlMjByZWNpJUMzJUE5biUyMG5hY2lkby4lM0MlMkZwJTNFJTBBJTA5JTA5JTA5JTNDZGl2JTIwY2xhc3MlM0QlMjJhcHAtaWNvbiUyMHJvdyUyMiUzRSUwQSUyMCUyMCUyMCUyMCUyMCUyMCUyMCUyMCUyMCUyMCUyMCUyMCUyMCUyMCUyMCUyMCUyMCUyMCUyMCUyMCUyMCUyMCUyMCUyMCUyMCUyMCUyMCUyMCUyMCUzQ2RpdiUyMGNsYXNzJTNEJTIyY29sLW1kLTEyJTIwYXBwLWljb24tbWFpbiUyMiUzRSUwQSUwOSUwOSUwOSUwOSUzQ2ElMjB0YXJnZXQlM0QlMjJfYmxhbmslMjIlMjB0YXJnZXQlM0QlMjJfYmxhbmslMjIlMjBocmVmJTNEJTIyaHR0cCUzQSUyRiUyRnd3dy50bmVjaG8uY29tJTJGJTIyJTIwY2xhc3MlM0QlMjJidG4lMjBidG4tc2Vjb25kYXJ5JTIwdGV4dC11cHBlcmNhc2UlMjB3MTAwcGVyMTAwJTIyJTNFU2l0aW8lMjB3ZWIlM0MlMkZhJTNFJTBBJTIwJTIwJTIwJTIwJTIwJTIwJTIwJTIwJTIwJTIwJTIwJTIwJTIwJTIwJTIwJTIwJTIwJTIwJTIwJTIwJTIwJTIwJTIwJTIwJTIwJTIwJTIwJTIwJTIwJTNDJTJGZGl2JTNFJTBBJTA5JTA5JTA5JTNDJTJGZGl2JTNFJTBBJTA5JTA5JTNDJTJGZmlnY2FwdGlvbiUzRSUwOSUwOSUwOSUwQSUwOSUzQyUyRmZpZ3VyZSUzRSUwQSUzQyUyRmRpdiUzRQ==[\/vc_raw_html][\/vc_column][\/vc_row]<\/p>\n","protected":false},"excerpt":{"rendered":"<p>[vc_row][vc_column][vc_custom_heading text=&#8221;A continuaci\u00f3n, se muestran algunas de las Apps m\u00e1s \u00fatiles y de inter\u00e9s sobre temas de cardiopat\u00edas cong\u00e9nitas y cardiolog\u00eda pedi\u00e1trica.&#8221; font_container=&#8221;tag:h2|text_align:center|color:%237bcbbc&#8221; use_theme_fonts=&#8221;yes&#8221; el_class=&#8221;apps-section-1-title&#8221;][\/vc_column][\/vc_row][vc_row css=&#8221;.vc_custom_1531073335487{padding-top: 30px !important;}&#8221;][vc_column width=&#8221;1\/3&#8243;][vc_raw_html]JTNDZGl2JTIwY2xhc3MlM0QlMjJncmlkJTIyJTNFJTBBJTA5JTNDZmlndXJlJTIwY2xhc3MlM0QlMjJlZmZlY3QtbWFybGV5JTIyJTNFJTBBJTA5JTA5JTNDaW1nJTIwc3JjJTNEJTIyaHR0cHMlM0ElMkYlMkZsbXMubmlha29yby5jb20lMkZ3cC1jb250ZW50JTJGdXBsb2FkcyUyRjIwMTglMkYwNyUyRmFwcDEucG5nJTIyJTIwYWx0JTNEJTIyaW1nMTIlMjIlM0UlMEElMDklMDklM0NmaWdjYXB0aW9uJTNFJTBBJTA5JTA5JTA5JTNDaDIlM0VFY2hvY2FsYyUzQyUyRmgyJTNFJTBBJTA5JTA5JTA5JTNDcCUzRURhdG9zJTIweSUyMGMlQzMlQTFsY3Vsb3MlMjBkZSUyMGMlQzMlQTFtYXJhcyUyQyUyMHYlQzMlQTFsdnVsYXMlMjBuYXRpdmFzJTIweSUyMHByb3QlQzMlQTlzaWNhcyUyMHklMjB2YXNvcyUyMHBhcmElMjBsYSUyMGVjb2NhcmRpb2dyYWYlQzMlQURhJTIwdHJhbnN0b3IlQzMlQTFjaWNhLiUyMFByb3RvY29sb3MlMjBkZSUyMGxhJTIwQnJpdGlzaCUyMFNvY2lldHklMjBvZiUyMEVjaG9jYXJkaW9ncmFwaHklMjAlMjhCU0UlMjklM0MlMkZwJTNFJTBBJTA5JTA5JTA5JTNDZGl2JTIwY2xhc3MlM0QlMjJhcHAtaWNvbiUyMHJvdyUyMiUzRSUwQSUyMCUyMCUyMCUyMCUyMCUyMCUyMCUyMCUyMCUyMCUyMCUyMCUyMCUyMCUyMCUyMCUyMCUyMCUyMCUyMCUyMCUyMCUyMCUyMCUyMCUyMCUyMCUyMCUyMCUzQ2RpdiUyMGNsYXNzJTNEJTIyY29sLW1kLTYlMjIlM0UlMEElMDklMDklMDklMDklM0NhJTIwdGFyZ2V0JTNEJTIyX2JsYW5rJTIyJTIwaHJlZiUzRCUyMmh0dHBzJTNBJTJGJTJGcGxheS5nb29nbGUuY29tJTJGc3RvcmUlMkZhcHBzJTJGZGV0YWlscyUzRmlkJTNEYnNlLmVjaG9jYWxjJTI2aGwlM0Rlc180MTklMjIlM0UlM0NpbWclMjBzcmMlM0QlMjJodHRwcyUzQSUyRiUyRmxtcy5uaWFrb3JvLmNvbSUyRndwLWNvbnRlbnQlMkZ1cGxvYWRzJTJGMjAxOCUyRjA3JTJGcGxheVN0b3JlMy5wbmclMjIlM0UlM0MlMkZhJTNFJTBBJTIwJTIwJTIwJTIwJTIwJTIwJTIwJTIwJTIwJTIwJTIwJTIwJTIwJTIwJTIwJTIwJTIwJTIwJTIwJTIwJTIwJTIwJTIwJTIwJTIwJTIwJTIwJTIwJTIwJTNDJTJGZGl2JTNFJTBBJTIwJTIwJTIwJTIwJTIwJTIwJTIwJTIwJTIwJTIwJTIwJTIwJTIwJTIwJTIwJTIwJTIwJTIwJTIwJTIwJTIwJTIwJTIwJTIwJTIwJTIwJTIwJTIwJTIwJTNDZGl2JTIwY2xhc3MlM0QlMjJjb2wtbWQtNiUyMiUzRSUwQSUwOSUwOSUwOSUwOSUzQ2ElMjB0YXJnZXQlM0QlMjJfYmxhbmslMjIlMjBocmVmJTNEJTIyaHR0cHMlM0ElMkYlMkZpdHVuZXMuYXBwbGUuY29tJTJGZXMlMkZhcHAlMkZlY2hvY2FsYyUyRmlkNDY4MTY2NDI2JTNGbXQlM0Q4JTIyJTNFJTNDaW1nJTIwc3JjJTNEJTIyaHR0cHMlM0ElMkYlMkZsbXMubmlha29yby5jb20lMkZ3cC1jb250ZW50JTJGdXBsb2FkcyUyRjIwMTglMkYwNyUyRmFwcFN0b3JlMy5wbmclMjIlM0UlM0MlMkZhJTNFJTBBJTIwJTIwJTIwJTIwJTIwJTIwJTIwJTIwJTIwJTIwJTIwJTIwJTIwJTIwJTIwJTIwJTIwJTIwJTIwJTIwJTIwJTIwJTIwJTIwJTIwJTIwJTIwJTIwJTIwJTNDJTJGZGl2JTNFJTBBJTA5JTA5JTA5JTNDJTJGZGl2JTNFJTBBJTA5JTA5JTNDJTJGZmlnY2FwdGlvbiUzRSUwOSUwOSUwOSUwQSUwOSUzQyUyRmZpZ3VyZSUzRSUwQSUzQyUyRmRpdiUzRQ==[\/vc_raw_html][\/vc_column][vc_column width=&#8221;1\/3&#8243;][vc_raw_html]JTNDZGl2JTIwY2xhc3MlM0QlMjJncmlkJTIyJTNFJTBBJTA5JTNDZmlndXJlJTIwY2xhc3MlM0QlMjJlZmZlY3QtbWFybGV5JTIyJTNFJTBBJTA5JTA5JTNDaW1nJTIwc3JjJTNEJTIyaHR0cHMlM0ElMkYlMkZsbXMubmlha29yby5jb20lMkZ3cC1jb250ZW50JTJGdXBsb2FkcyUyRjIwMTglMkYwNyUyRmFwcDIucG5nJTIyJTIwYWx0JTNEJTIyaW1nMTIlMjIlM0UlMEElMDklMDklM0NmaWdjYXB0aW9uJTNFJTBBJTA5JTA5JTA5JTNDaDIlM0VpQVNFJTNDJTJGaDIlM0UlMEElMDklMDklMDklM0NwJTNFR3UlQzMlQURhcyUyMGRlJTIwbGElMjBTb2NpZWRhZCUyMGFtZXJpY2FuYSUyMGRlJTIwZWNvY2FyZGlvZ3JhZiVDMyVBRGElMjBwYXJhJTIwZWwlMjB1c28lMjBkZSUyMGxhJTIwRWNvY2FyZGlvZ3JhZmlhJTIwZW4lMjBhZHVsdG9zJTIweSUyMG5pJUMzJUIxb3MlMjAlMjhjb25zZW5zbyUyMGRlJTIwZXhwZXJ0b3MlMkMlMjBndSVDMyVBRGFzJTIwZGUlMjBjdWFudGlmaWNhY2klQzMlQjNuJTIwZGUlMjBjJUMzJUExbWFyYXMlMjB5JTIwZnVuY2klQzMlQjNuJTI5JTNDJTJGcCUzRSUwQSUwOSUwOSUwOSUzQ2RpdiUyMGNsYXNzJTNEJTIyYXBwLWljb24lMjByb3clMjIlM0UlMEElMjAlMjAlMjAlMjAlMjAlMjAlMjAlMjAlMjAlMjAlMjAlMjAlMjAlMjAlMjAlMjAlMjAlMjAlMjAlMjAlMjAlMjAlMjAlMjAlMjAlMjAlMjAlMjAlMjAlM0NkaXYlMjBjbGFzcyUzRCUyMmNvbC1tZC02JTIyJTNFJTBBJTA5JTA5JTA5JTA5JTNDYSUyMHRhcmdldCUzRCUyMl9ibGFuayUyMiUyMGhyZWYlM0QlMjJodHRwcyUzQSUyRiUyRnBsYXkuZ29vZ2xlLmNvbSUyRnN0b3JlJTJGYXBwcyUyRmRldGFpbHMlM0ZpZCUzRG9yZy5hc2VjaG8uaUFTRSUyNmhsJTNEZXMlMjIlM0UlM0NpbWclMjBzcmMlM0QlMjJodHRwcyUzQSUyRiUyRmxtcy5uaWFrb3JvLmNvbSUyRndwLWNvbnRlbnQlMkZ1cGxvYWRzJTJGMjAxOCUyRjA3JTJGcGxheVN0b3JlMy5wbmclMjIlM0UlM0MlMkZhJTNFJTBBJTIwJTIwJTIwJTIwJTIwJTIwJTIwJTIwJTIwJTIwJTIwJTIwJTIwJTIwJTIwJTIwJTIwJTIwJTIwJTIwJTIwJTIwJTIwJTIwJTIwJTIwJTIwJTIwJTIwJTNDJTJGZGl2JTNFJTBBJTIwJTIwJTIwJTIwJTIwJTIwJTIwJTIwJTIwJTIwJTIwJTIwJTIwJTIwJTIwJTIwJTIwJTIwJTIwJTIwJTIwJTIwJTIwJTIwJTIwJTIwJTIwJTIwJTIwJTNDZGl2JTIwY2xhc3MlM0QlMjJjb2wtbWQtNiUyMiUzRSUwQSUwOSUwOSUwOSUwOSUzQ2ElMjB0YXJnZXQlM0QlMjJfYmxhbmslMjIlMjBocmVmJTNEJTIyaHR0cHMlM0ElMkYlMkZpdHVuZXMuYXBwbGUuY29tJTJGdXMlMkZhcHAlMkZpYXNlJTJGaWQ0NDI4ODMxNzYlM0ZtdCUzRDglMjIlM0UlM0NpbWclMjBzcmMlM0QlMjJodHRwcyUzQSUyRiUyRmxtcy5uaWFrb3JvLmNvbSUyRndwLWNvbnRlbnQlMkZ1cGxvYWRzJTJGMjAxOCUyRjA3JTJGYXBwU3RvcmUzLnBuZyUyMiUzRSUzQyUyRmElM0UlMEElMjAlMjAlMjAlMjAlMjAlMjAlMjAlMjAlMjAlMjAlMjAlMjAlMjAlMjAlMjAlMjAlMjAlMjAlMjAlMjAlMjAlMjAlMjAlMjAlMjAlMjAlMjAlMjAlMjAlM0MlMkZkaXYlM0UlMEElMDklMDklMDklM0MlMkZkaXYlM0UlMEElMDklMDklM0MlMkZmaWdjYXB0aW9uJTNFJTA5JTA5JTA5JTBBJTA5JTNDJTJGZmlndXJlJTNFJTBBJTNDJTJGZGl2JTNF[\/vc_raw_html][\/vc_column][vc_column&#8230;<\/p>\n","protected":false},"author":1,"featured_media":0,"parent":0,"menu_order":0,"comment_status":"closed","ping_status":"closed","template":"","meta":{"pmpro_default_level":0},"_links":{"self":[{"href":"https:\/\/www.niakoro.org\/es\/wp-json\/wp\/v2\/pages\/1525"}],"collection":[{"href":"https:\/\/www.niakoro.org\/es\/wp-json\/wp\/v2\/pages"}],"about":[{"href":"https:\/\/www.niakoro.org\/es\/wp-json\/wp\/v2\/types\/page"}],"author":[{"embeddable":true,"href":"https:\/\/www.niakoro.org\/es\/wp-json\/wp\/v2\/users\/1"}],"replies":[{"embeddable":true,"href":"https:\/\/www.niakoro.org\/es\/wp-json\/wp\/v2\/comments?post=1525"}],"version-history":[{"count":50,"href":"https:\/\/www.niakoro.org\/es\/wp-json\/wp\/v2\/pages\/1525\/revisions"}],"predecessor-version":[{"id":2041,"href":"https:\/\/www.niakoro.org\/es\/wp-json\/wp\/v2\/pages\/1525\/revisions\/2041"}],"wp:attachment":[{"href":"https:\/\/www.niakoro.org\/es\/wp-json\/wp\/v2\/media?parent=1525"}],"curies":[{"name":"wp","href":"https:\/\/api.w.org\/{rel}","templated":true}]}}