{"id":1040,"date":"2018-07-07T12:35:52","date_gmt":"2018-07-07T10:35:52","guid":{"rendered":"https:\/\/lms.niakoro.org\/?page_id=1040"},"modified":"2018-12-02T06:22:51","modified_gmt":"2018-12-02T04:22:51","slug":"faqs","status":"publish","type":"page","link":"https:\/\/www.niakoro.org\/es\/familias\/faqs\/","title":{"rendered":"FAQs"},"content":{"rendered":"<p>[vc_row css=&#8221;.vc_custom_1530959998059{padding-top: 50px !important;}&#8221;][vc_column][vc_raw_html]JTNDZGl2JTIwY2xhc3MlM0QlMjJvdGhlci1wYWdlLXRpdGxlJTIyJTNFJTBBJTNDc3BhbiUzRVByZWd1bnRhcyUyMGZyZWN1ZW50ZXMlMjBzb2JyZSUyMGNhcmRpb2xvZyVDMyVBRGElMjBwYXJhJTIwcGFkcmVzJTIweSUyMHBhY2llbnRlcyUzQyUyRnNwYW4lM0UlMEElM0NkaXYlMjBjbGFzcyUzRCUyMm90aGVyLXBhZ2UtdGl0bGUtYnJvZGVyJTIyJTNFJTNDJTJGZGl2JTNFJTBBJTNDJTJGZGl2JTNF[\/vc_raw_html][vc_tta_accordion style=&#8221;outline&#8221; gap=&#8221;5&#8243; c_icon=&#8221;triangle&#8221; c_position=&#8221;right&#8221; active_section=&#8221;1&#8243; collapsible_all=&#8221;true&#8221; el_class=&#8221;faq-section-1-main&#8221;][vc_tta_section title=&#8221;El pediatra me acaba de decir que mi ni\u00f1o\/a tiene un soplo en el coraz\u00f3n, \u00bfqu\u00e9 es exactamente un soplo?&#8221; tab_id=&#8221;1530959937818-4388813e-f01b&#8221;][vc_column_text]Los soplos son sonidos que detectan los m\u00e9dicos a la auscultaci\u00f3n cardiaca con el fonendoscopio. Normalmente el coraz\u00f3n presenta unos ruidos coincidiendo con el cierre de las v\u00e1lvulas cardiacas.<\/p>\n<p>Cuando se abren las v\u00e1lvulas semilunares (son las v\u00e1lvulas de los vasos que salen del coraz\u00f3n, v\u00e1lvulas a\u00f3rtica y pulmonar) se produce la salida de la sangre del coraz\u00f3n, a ese periodo se le llama s\u00edstole en el ciclo cardiaco. La apertura de las v\u00e1lvulas semilunares coincide con el cierre de las v\u00e1lvulas intracardiacas (tric\u00faspide y mitral). Una vez finalizada la salida de toda la sangre, se produce una relajaci\u00f3n del coraz\u00f3n que conlleva un efecto de succi\u00f3n de la sangre de las venas hacia el coraz\u00f3n, es la llamada di\u00e1stole del ciclo cardiaco. Habitualmente a la auscultaci\u00f3n cardiaca s\u00f3lo se escuchan los cierres de las v\u00e1lvulas sin o\u00edrse ning\u00fan otro sonido. Si existen anomal\u00edas cardiacas (como agujeros, alteraciones de las v\u00e1lvulas o membranas anormales) se va a producir un sonido originado por el paso de la sangre en esas zonas anormales, esto es un soplo anormal u \u201corg\u00e1nico\u201d (producido por alguna alteraci\u00f3n).<\/p>\n<article class=\"news-post\">\n<blockquote class=\"quote\"><p><i class=\"fa fa-quote-left fa-1x\"><\/i> los ni\u00f1os tienen peque\u00f1os soplos vibratorios, que generan un soplo llamado inocente o funcional, no est\u00e1 producido por ninguna alteraci\u00f3n del coraz\u00f3n<\/p><\/blockquote>\n<\/article>\n<p>El soplo cardiaco se cree puede estar relacionado entre otras causas con la elasticidad del coraz\u00f3n, la taquicardia inherente a los ni\u00f1os y la poca distancia entre la cavidad tor\u00e1cica y el coraz\u00f3n, aunque no est\u00e1 claro su origen totalmente. Las caracter\u00edsticas del soplo inocente son muy espec\u00edficas y los cardi\u00f3logos pedi\u00e1tricos est\u00e1n muy acostumbrados a reconocerlos. Tambi\u00e9n los pediatras, pero en ocasiones, cuando el soplo persiste prefieren remitirlo a los cardi\u00f3logos para descartar no existan peque\u00f1as anomal\u00edas cardiacas que hayan pasado desapercibidas.<\/p>\n<p>Si el soplo persiste o aumenta de intensidad se recomienda lo vea el cardi\u00f3logo para verificar con la ecocardiograf\u00eda que no hay ninguna alteraci\u00f3n. Una vez descartado los problemas intracardiacos el seguimiento lo puede realizar el pediatra, quien confirmar\u00e1 su desaparici\u00f3n.[\/vc_column_text][\/vc_tta_section][vc_tta_section title=&#8221;Mi hijo\/a cuando corre se pone muy r\u00e1pido el coraz\u00f3n, \u00bfme tengo que preocupar?&#8221; tab_id=&#8221;1530959937832-f32a8dde-1aa9&#8243;][vc_column_text]Con el ejercicio el coraz\u00f3n aumenta la frecuencia cardiaca (FC) para enviar m\u00e1s sangre a los pulmonares y as\u00ed aumentar el ox\u00edgeno a los tejidos que van a requerir m\u00e1s energ\u00eda. La FC m\u00e1xima del coraz\u00f3n es 220 menos la edad, los ni\u00f1os tienen una FC m\u00e1xima mayor, un ni\u00f1o de 5 a\u00f1os se puede poner a 215 lpm (220-5 a\u00f1os= 215 lpm) al correr a gran intensidad.<\/p>\n<p><b>S\u00f3lo hay que preocuparse si el ni\u00f1o al correr manifiesta dolor precordial o molestias tor\u00e1cicas, en ese caso debe acudir a su pediatra quien valorar\u00e1 la necesidad de una revisi\u00f3n por un cardi\u00f3logo especializado.<\/b><\/p>\n<p>Existen situaciones que hacen que el coraz\u00f3n vaya m\u00e1s r\u00e1pido como si se tiene anemia (al haber menos hemoglobina que transporta el ox\u00edgeno, el coraz\u00f3n compensa aumentando la frecuencia cardiaca) o alteraciones hormonales, entre ellas el hipertiroidismo, que al haber elevaci\u00f3n de esta hormona el coraz\u00f3n va m\u00e1s r\u00e1pido, y al a inversa, en el hipotiroidismo el coraz\u00f3n va m\u00e1s lento.<\/p>\n<p><b>Ante cualquier duda en un ni\u00f1o con palpitaciones se debe acudir al pediatra y se debe realizar anal\u00edtica sangu\u00ednea para descartar anomal\u00edas extracardiacas.<\/b>[\/vc_column_text][\/vc_tta_section][vc_tta_section title=&#8221;\u00bfQu\u00e9 enfermedades se relacionan con la muerte s\u00fabita durante el ejercicio?&#8221; tab_id=&#8221;1530960802903-cbf4cb29-2993&#8243;][vc_column_text]Entre las alteraciones m\u00e1s frecuentes relacionadas con la muerte s\u00fabita durante el ejercicio son alteraciones del ritmo cardiaco. Algunas personas pueden tener enfermedades de la transmisi\u00f3n del ritmo cardiaco por alteraciones de las c\u00e9lulas mioc\u00e1rdicas (de los canales que transmiten la electricidad del ritmo cardiaco) entre ellas destacan el:<\/p>\n<ol>\n<li>S\u00edndrome de QT largo:\u00a0<a href=\"http:\/\/cardiopatiasfamiliares.es\/qt-largo\/\" target=\"_blank\" rel=\"noopener\">http:\/\/cardiopatiasfamiliares.es\/qt-largo\/<\/a>\u00a0|\u00a0<a href=\"http:\/\/www.sads.org\/sads\/media\/pdf\/sads-lqts-broch-spanish-09.pdf\" target=\"_blank\" rel=\"noopener\">http:\/\/www.sads.org\/sads\/media\/pdf\/sads-lqts-broch-spanish-09.pdf<\/a><\/li>\n<li>S\u00edndrome de Brugada: <a href=\"http:\/\/cardiopatiasfamiliares.es\/sindrome-de-brugada\/\" target=\"_blank\" rel=\"noopener\">http:\/\/cardiopatiasfamiliares.es\/sindrome-de-brugada\/<\/a><\/li>\n<li>o alteraciones del ritmo por tener algunas v\u00edas de conducci\u00f3n anormales que durante el ejercicio producen taquicardias que producen arritmias ventriculares que causan fallo cardiaco o muerte s\u00fabita, entre ellas el S\u00edndrome de Wolff-Parkinson-White (WPW):\u00a0<a href=\"http:\/\/www.fundaciondelcorazon.com\/informacion-para-pacientes\/enfermedades-cardiovasculares\/arritmias\/el-sindrome-de-wolff-parkinson-white.html\" target=\"_blank\" rel=\"noopener\">http:\/\/www.fundaciondelcorazon.com\/informacion-para-pacientes\/enfermedades-cardiovasculares\/arritmias\/el-sindrome-de-wolff-parkinson-white.html<\/a><\/li>\n<\/ol>\n<p><b>El sincope m\u00e1s frecuente es el vaso-vagal<\/b>, es el mediado por el nervio vago que es el nervio que inerva el coraz\u00f3n y ante cualquier est\u00edmulo provoca una disminuci\u00f3n de la frecuencia cardiaca que conlleva disminuci\u00f3n de la tensi\u00f3n arterial, menor irrigaci\u00f3n del cerebro por lo que nos caemos y perdemos el conocimiento (a veces se asocia con un movimiento anormal o convulsi\u00f3n muy corta, que hay que diferenciar de una convulsi\u00f3n por un problema neurol\u00f3gico como ser\u00eda la epilepsia). Es el caracter\u00edstico sincope que se produce al ver sangre o presentar un dolor muy agudo, suele ir precedido de mareo, alguna vez relacionado con calor o sofocaci\u00f3n o situaci\u00f3n de estr\u00e9s previa, de corta duraci\u00f3n (menos de 1 minuto) y con recuperaci\u00f3n r\u00e1pida. Hay que diferenciarlo de un sincope de causa cardiol\u00f3gica, habitualmente provocado por arritmias que son bruscas, no va precedido de mareo ni relacionado con ning\u00fan evento, suelen durar m\u00e1s de 1 minuto y la recuperaci\u00f3n es lenta.<\/p>\n<p>Otras causas de problemas durante el ejercicio pueden ser debidas a alteraciones del m\u00fasculo cardiaco o miocardiopat\u00edas, durante el ejercicio pueden aparecer arritmias o fallo de la funci\u00f3n cardiaca por las alteraciones generadas por su anomal\u00eda del m\u00fasculo. Y otras alteraciones ser\u00edan las malformaciones cong\u00e9nitas de las arterias coronarias (son los vasos que irrigan al coraz\u00f3n), que, durante el ejercicio, al necesitar bombear el coraz\u00f3n m\u00e1s sangre para aumentar el riego de los m\u00fasculos, no pueden compensar e irrigar adecuadamente el coraz\u00f3n y se producen fen\u00f3menos de isquemia (o infarto cardiaco).[\/vc_column_text][\/vc_tta_section][vc_tta_section title=&#8221;Mi hijo\/a se queja de que le \u201cpincha\u201d el coraz\u00f3n y se le acelera mucho estando tranquilo&#8221; tab_id=&#8221;1530971375589-c99ed533-8a4b&#8221;][vc_column_text]Si el ni\u00f1o se queja de que el coraz\u00f3n le va muy r\u00e1pido y que le pasa estando tranquilo, debe ser estudiado. Se recomienda realizar\u00a0<b>exploraciones cardiol\u00f3gicas para ver si puede estar presentando aceleraciones del coraz\u00f3n (taquicardias) anormales<\/b>\u00a0(no producidas como respuesta normal a sus demandas energ\u00e9ticas). Entre las pruebas a realizar tenemos un ECG de superficie donde se puede determinar si hay alg\u00fan signo de tener una arritmia provocado por v\u00edas el\u00e9ctricas diferentes de las v\u00edas de conducci\u00f3n normal; un Holter que es un ECG de 24 horas donde se registra la actividad el\u00e9ctrica durante este tiempo y se puede verificar si presenta alguna alteraci\u00f3n. A veces con el Holter de 24 horas no se registra ninguna alteraci\u00f3n porque ese d\u00eda no presenta sintomatolog\u00eda, en esos casos se puede prolongar la colocaci\u00f3n del Holter a varios d\u00edas (Holter de eventos) o incluso se le puede colocar un Holter implantable que registra durante meses la actividad el\u00e9ctrica y se puede visualizar telem\u00e1ticamente si ha detectado arritmias.<\/p>\n<p>En la actualidad se est\u00e1n desarrollando varios sistemas para registro de arritmias telem\u00e1ticamente son los denominados wearables (tecnolog\u00eda inal\u00e1mbrica incorporada en un dispositivo que permite la monitorizaci\u00f3n a distancia del coraz\u00f3n del paciente).<\/p>\n<p><b>En pr\u00f3ximos a\u00f1os veremos toda una revoluci\u00f3n a trav\u00e9s de las nuevas aplicaciones de los relojes inteligentes, con Apps cada vez m\u00e1s sofisticadas para la detecci\u00f3n de arritmias cardiacas.<\/b>[\/vc_column_text][\/vc_tta_section][vc_tta_section title=&#8221;Mi hijo\/a se marea muy frecuentemente y ha tenido una ca\u00edda con p\u00e9rdida de conocimiento, \u00bfqu\u00e9 debo hacer?&#8221; tab_id=&#8221;1530971398158-dc091d15-7b0b&#8221;][vc_column_text]El mareo puede estar provocado por varias causas, suele estar relacionada con bajadas de la tensi\u00f3n arterial, es lo que llamamos normalmente lipotimias o pres\u00edncopes, y cuando hay p\u00e9rdida de conocimiento lo denominamos s\u00edncope.<\/p>\n<p><b>El sincope m\u00e1s frecuente es el vaso-vagal<\/b>, es el mediado por el nervio vago que es el nervio que inerva el coraz\u00f3n y ante cualquier est\u00edmulo provoca una disminuci\u00f3n de la frecuencia cardiaca que conlleva disminuci\u00f3n de la tensi\u00f3n arterial, menor irrigaci\u00f3n del cerebro por lo que nos caemos y perdemos el conocimiento (a veces se asocia con un movimiento anormal o convulsi\u00f3n muy corta, que hay que diferenciar de una convulsi\u00f3n por un problema neurol\u00f3gico como ser\u00eda la epilepsia). Es el caracter\u00edstico sincope que se produce al ver sangre o presentar un dolor muy agudo, suele ir precedido de mareo, alguna vez relacionado con calor o sofocaci\u00f3n o situaci\u00f3n de estr\u00e9s previa, de corta duraci\u00f3n (menos de 1 minuto) y con recuperaci\u00f3n r\u00e1pida. Hay que diferenciarlo de un sincope de causa cardiol\u00f3gica, habitualmente provocado por arritmias que son bruscas, no va precedido de mareo ni relacionado con ning\u00fan evento, suelen durar m\u00e1s de 1 minuto y la recuperaci\u00f3n es lenta.<\/p>\n<p>En general, los sincopes vaso-vagales mejoran con la edad, se recomienda incrementar la ingesta de l\u00edquidos y sal, sobre todo durante el ejercicio y medidas de control ante los s\u00edntomas previos de mareo para evitar los traumatismos provocados por las ca\u00eddas bruscas.<\/p>\n<p>Tras un sincope si se tiene dudas de su origen conviene acudir a urgencias pedi\u00e1tricas para la revisi\u00f3n del ni\u00f1o y realizaci\u00f3n de pruebas complementarias para su diagn\u00f3stico, se debe remitir a valoraci\u00f3n cardiol\u00f3gica si son frecuentes y si no son sugestivos de sincope vaso-vagal.[\/vc_column_text][\/vc_tta_section][\/vc_tta_accordion][\/vc_column][\/vc_row][vc_row][vc_column][vc_column_text]<\/p>\n<h5 style=\"text-align: center;\">\u00bfQuieres saber m\u00e1s sobre las cardiopat\u00edas cong\u00e9nitas y su tratamiento?&#8230; accede a este\u00a0<a href=\"https:\/\/www.niakoro.org\/blog\/\">link<\/a>.<\/h5>\n<p>[\/vc_column_text][\/vc_column][\/vc_row]<\/p>\n","protected":false},"excerpt":{"rendered":"<p>[vc_row css=&#8221;.vc_custom_1530959998059{padding-top: 50px !important;}&#8221;][vc_column][vc_raw_html]JTNDZGl2JTIwY2xhc3MlM0QlMjJvdGhlci1wYWdlLXRpdGxlJTIyJTNFJTBBJTNDc3BhbiUzRVByZWd1bnRhcyUyMGZyZWN1ZW50ZXMlMjBzb2JyZSUyMGNhcmRpb2xvZyVDMyVBRGElMjBwYXJhJTIwcGFkcmVzJTIweSUyMHBhY2llbnRlcyUzQyUyRnNwYW4lM0UlMEElM0NkaXYlMjBjbGFzcyUzRCUyMm90aGVyLXBhZ2UtdGl0bGUtYnJvZGVyJTIyJTNFJTNDJTJGZGl2JTNFJTBBJTNDJTJGZGl2JTNF[\/vc_raw_html][vc_tta_accordion style=&#8221;outline&#8221; gap=&#8221;5&#8243; c_icon=&#8221;triangle&#8221; c_position=&#8221;right&#8221; active_section=&#8221;1&#8243; collapsible_all=&#8221;true&#8221; el_class=&#8221;faq-section-1-main&#8221;][vc_tta_section title=&#8221;El pediatra me acaba de decir que mi ni\u00f1o\/a tiene un soplo en el coraz\u00f3n, \u00bfqu\u00e9 es exactamente un&#8230;<\/p>\n","protected":false},"author":1,"featured_media":0,"parent":713,"menu_order":0,"comment_status":"closed","ping_status":"closed","template":"","meta":{"pmpro_default_level":0},"_links":{"self":[{"href":"https:\/\/www.niakoro.org\/es\/wp-json\/wp\/v2\/pages\/1040"}],"collection":[{"href":"https:\/\/www.niakoro.org\/es\/wp-json\/wp\/v2\/pages"}],"about":[{"href":"https:\/\/www.niakoro.org\/es\/wp-json\/wp\/v2\/types\/page"}],"author":[{"embeddable":true,"href":"https:\/\/www.niakoro.org\/es\/wp-json\/wp\/v2\/users\/1"}],"replies":[{"embeddable":true,"href":"https:\/\/www.niakoro.org\/es\/wp-json\/wp\/v2\/comments?post=1040"}],"version-history":[{"count":20,"href":"https:\/\/www.niakoro.org\/es\/wp-json\/wp\/v2\/pages\/1040\/revisions"}],"predecessor-version":[{"id":2534,"href":"https:\/\/www.niakoro.org\/es\/wp-json\/wp\/v2\/pages\/1040\/revisions\/2534"}],"up":[{"embeddable":true,"href":"https:\/\/www.niakoro.org\/es\/wp-json\/wp\/v2\/pages\/713"}],"wp:attachment":[{"href":"https:\/\/www.niakoro.org\/es\/wp-json\/wp\/v2\/media?parent=1040"}],"curies":[{"name":"wp","href":"https:\/\/api.w.org\/{rel}","templated":true}]}}